{"id":179,"date":"2022-05-29T16:46:56","date_gmt":"2022-05-29T14:46:56","guid":{"rendered":"https:\/\/vrising-france.com\/?page_id=179"},"modified":"2023-05-29T16:28:01","modified_gmt":"2023-05-29T14:28:01","slug":"guide-sang","status":"publish","type":"page","link":"https:\/\/vrising-france.com\/index.php\/guide-sang\/","title":{"rendered":"Guide &#8211; Bien choisir son sang"},"content":{"rendered":"\n<p>Dans VRising une des plus grandes complexit\u00e9s du jeu est la s\u00e9lection du Sang.<br>Le sang va vous permettre de rester en vie (ce qui d\u00e9j\u00e0 n&rsquo;est pas rien) mais \u00e9galement de d\u00e9bloquer certaines comp\u00e9tences.<\/p>\n\n\n\n<p>En vous baladant dans Vardoran vous verrez que chaque ennemi \u00e0 son propre sang (sauf les morts vivant).<\/p>\n\n\n\n<h2 class=\"wp-block-heading\">La valeur du sang<\/h2>\n\n\n\n<p>Chaque sang pourra \u00eatre trouv\u00e9 avec une valeur allant de 1% \u00e0 100%.<\/p>\n\n\n\n<p>Plus un sang sera de meilleure qualit\u00e9 plus vous aurez d&rsquo;habilit\u00e9 suppl\u00e9mentaire (voir plus bas les diff\u00e9rentes habilit\u00e9s).<\/p>\n\n\n\n<p>N&rsquo;h\u00e9sitez pas \u00e9galement \u00e0 faire un tour sur notre <a href=\"https:\/\/vrising-france.com\/index.php\/guide-debut\/\">Guide pour bien d\u00e9buter<\/a> avant d&rsquo;allez plus loin.<\/p>\n\n\n\n<p>Le sang parfait (100%) vous donnera \u00e9galement une habilit\u00e9 suppl\u00e9mentaire qui est la m\u00eame pour tous les types de sang. Il vous permettra d&rsquo;augmenter de 30% l&rsquo;int\u00e9gralit\u00e9 des bonus de votre sang, il est donc tr\u00e8s important de maximiser votre sang \u00e0 100%.<\/p>\n\n\n\n<h2 class=\"wp-block-heading\">Ses propres r\u00e9serves de sang<\/h2>\n\n\n\n<p>Par la suite de votre aventure vous d\u00e9bloquerez vos propres r\u00e9serves de sang. Enfin ce ne sont pas \u00e0 proprement dit des r\u00e9serves mais disons qu&rsquo;un humain en cage fera tr\u00e8s bien le travail.<\/p>\n\n\n\n<p>Pour ce faire il vous faudra donc d\u00e9bloquer la prison gr\u00e2ce \u00e0 <a href=\"https:\/\/vrising-france.com\/index.php\/guide-les-boss-de-vrising\/#vincent-porte-givre\">Vincent le Porte Givre<\/a> puis vous pourrez charmer un porteur de sang pour l&rsquo;enfermer dans la prison construite dans votre ch\u00e2teau.<\/p>\n\n\n\n<p>Une fois en prison vous pourrez remplir des fioles de sang pour avoir un petit stock mais attention ponctionner du sang fait perdre de la vie \u00e0 vos prisonniers. Il faudra donc bien penser \u00e0 les nourir si vous ne voulez pas les tuer.<\/p>\n\n\n\n<h2 class=\"wp-block-heading\">Les diff\u00e9rents types de sang<\/h2>\n\n\n\n<p>Il existe dans le monde un total de 5 types de sang diff\u00e9rent apportant chacun leurs bonus.<br>Ci-dessous les diff\u00e9rents types :<\/p>\n\n\n\n<h3 class=\"wp-block-heading\">Cr\u00e9ature<\/h3>\n\n\n\n<p>Comme son nom l&rsquo;indique vous trouverez ce sang sur les cr\u00e9atures de Vardoran (Loup, Ours &#8230;).<\/p>\n\n\n\n<p>Ce sang va apporter les habilit\u00e9s suivantes :<\/p>\n\n\n\n<ol class=\"wp-block-list\">\n<li>3 \u00e0 15% de vitesse de mouvement<\/li>\n\n\n\n<li>10 \u00e0 25 de r\u00e9sistance au soleil<\/li>\n\n\n\n<li>10% \u00e0 20% de r\u00e9duction de d\u00e9g\u00e2t<\/li>\n\n\n\n<li>150% de votre r\u00e9g\u00e9n\u00e9ration de vie<\/li>\n<\/ol>\n\n\n\n<h3 class=\"wp-block-heading\">Brute<\/h3>\n\n\n\n<p>Les sangs de brute sera r\u00e9guli\u00e8rement trouv\u00e9 sur les porteurs de bouclier ainsi que les ennemis un peu plus lourd. Les bonus sont les suivants :<\/p>\n\n\n\n<ol class=\"wp-block-list\">\n<li>7.5% \u00e0 12.5% de ponction de vie sur votre attaque principale<\/li>\n\n\n\n<li>7.2% \u00e0 12.5% de vitesse d&rsquo;attaque et 1 niveau d&rsquo;objet suppl\u00e9mentaire<\/li>\n\n\n\n<li>Augmentation des soins re\u00e7us de 20% \u00e0 35% et r\u00e9cup\u00e9ration de 4% de vie en cas de coup d\u00e9cisif \u00e0 un ennemi.<\/li>\n\n\n\n<li>6% de chance lors des soins de b\u00e9n\u00e9ficier d&rsquo;un boost de 20% de vitesse de d\u00e9placement et de 25% de d\u00e9g\u00e2t sur l&rsquo;attaque principale<\/li>\n<\/ol>\n\n\n\n<h3 class=\"wp-block-heading\">Voyou<\/h3>\n\n\n\n<p>Les voyous seront r\u00e9guli\u00e8rement trouv\u00e9s sur les archers ou les assassins. Leurs pouvoirs sont les suivants :<\/p>\n\n\n\n<ol class=\"wp-block-list\">\n<li>10% \u00e0 20% de chance de coup critique sur les attaques physiques<\/li>\n\n\n\n<li>8% \u00e0 15% de vitesse de d\u00e9placement<\/li>\n\n\n\n<li>12% \u00e0 25% de r\u00e9duction de co\u00fbt pour vos sorts de d\u00e9placement ainsi que 100% de chance de coup critique apr\u00e8s un sort de d\u00e9placement.<\/li>\n\n\n\n<li>50% de chance lors d&rsquo;un coup critique de r\u00e9duire l&rsquo;armure de votre ennemi augmentant les prochains d\u00e9g\u00e2ts subis de 15% pendant 4 secondes.<\/li>\n<\/ol>\n\n\n\n<h3 class=\"wp-block-heading\">Guerrier<\/h3>\n\n\n\n<p>Les guerriers seront trouv\u00e9 comme son nom l&rsquo;indique sur les Guerrier ou les Gardes de villes. Leurs pouvoirs sont les suivants :<\/p>\n\n\n\n<ol class=\"wp-block-list\">\n<li>10% \u00e0 20% de puissance physique suppl\u00e9mentaire<\/li>\n\n\n\n<li>8% \u00e0 15% de r\u00e9duction de temps pour les habilit\u00e9s d&rsquo;armes<\/li>\n\n\n\n<li>7.5% \u00e0 15% de r\u00e9duction de d\u00e9g\u00e2t subis ainsi que 25% de d\u00e9g\u00e2t suppl\u00e9mentaire sur les ennemis en pleines sant\u00e9s.<\/li>\n\n\n\n<li>15% de chance de r\u00e9duire les d\u00e9g\u00e2ts de 50% lors d&rsquo;une parade et par\u00e9 une attaque augmente vos d\u00e9g\u00e2ts de 25%.<\/li>\n<\/ol>\n\n\n\n<h3 class=\"wp-block-heading\">\u00c9rudit<\/h3>\n\n\n\n<p>Les \u00e9rudits seront particuli\u00e8rement pr\u00e9sents sur les Nonnes ou les PNJ aux alentours des lieux sains. Leurs pouvoirs sont les suivants :<\/p>\n\n\n\n<ol class=\"wp-block-list\">\n<li>12% \u00e0 25% de puissance des sorts suppl\u00e9mentaire<\/li>\n\n\n\n<li>8% \u00e0 15% de r\u00e9duction de dur\u00e9e pour les sorts<\/li>\n\n\n\n<li>5% \u00e0 10% de ponction de vie sur vos sorts<\/li>\n\n\n\n<li>20% de chance de r\u00e9initialiser la dur\u00e9e de rechargement de votre sort \u00e0 son envoi<\/li>\n<\/ol>\n","protected":false},"excerpt":{"rendered":"<p>Dans VRising une des plus grandes complexit\u00e9s du jeu est la s\u00e9lection du Sang.Le sang va vous permettre de rester en vie (ce qui d\u00e9j\u00e0 n&rsquo;est pas rien) mais \u00e9galement de d\u00e9bloquer certaines comp\u00e9tences. En vous baladant dans Vardoran vous verrez que chaque ennemi \u00e0 son propre sang (sauf les morts vivant). La valeur du&hellip; <br \/> <a class=\"read-more\" href=\"https:\/\/vrising-france.com\/index.php\/guide-sang\/\">Lire la suite<\/a><\/p>\n","protected":false},"author":1,"featured_media":92,"parent":0,"menu_order":0,"comment_status":"closed","ping_status":"closed","template":"","meta":{"footnotes":""},"class_list":["post-179","page","type-page","status-publish","has-post-thumbnail","hentry"],"yoast_head":"<!-- This site is optimized with the Yoast SEO plugin v27.4 - https:\/\/yoast.com\/product\/yoast-seo-wordpress\/ -->\n<title>Guide - Bien choisir son sang - VRising France<\/title>\n<meta name=\"description\" content=\"Le Sang dans VRising ainsi que toutes ces m\u00e9caniques \u00e9xpliqu\u00e9 en d\u00e9tail dans ce guide ainsi que la liste compl\u00e9te des types de sang.\" \/>\n<meta name=\"robots\" content=\"index, follow, max-snippet:-1, max-image-preview:large, max-video-preview:-1\" \/>\n<link rel=\"canonical\" href=\"https:\/\/vrising-france.com\/index.php\/guide-sang\/\" \/>\n<meta property=\"og:locale\" content=\"fr_FR\" \/>\n<meta property=\"og:type\" content=\"article\" \/>\n<meta property=\"og:title\" content=\"Guide - Bien choisir son sang - VRising France\" \/>\n<meta property=\"og:description\" content=\"Le Sang dans VRising ainsi que toutes ces m\u00e9caniques \u00e9xpliqu\u00e9 en d\u00e9tail dans ce guide ainsi que la liste compl\u00e9te des types de sang.\" \/>\n<meta property=\"og:url\" content=\"https:\/\/vrising-france.com\/index.php\/guide-sang\/\" \/>\n<meta property=\"og:site_name\" content=\"VRising France\" \/>\n<meta property=\"article:modified_time\" content=\"2023-05-29T14:28:01+00:00\" \/>\n<meta property=\"og:image\" content=\"https:\/\/vrising-france.com\/wp-content\/uploads\/2022\/05\/cropped-7_V_Rising_Servants-1.jpg\" \/>\n\t<meta property=\"og:image:width\" content=\"542\" \/>\n\t<meta property=\"og:image:height\" content=\"360\" \/>\n\t<meta property=\"og:image:type\" content=\"image\/jpeg\" \/>\n<meta name=\"twitter:card\" content=\"summary_large_image\" \/>\n<meta name=\"twitter:site\" content=\"@VRisingFrance\" \/>\n<meta name=\"twitter:label1\" content=\"Dur\u00e9e de lecture estim\u00e9e\" \/>\n\t<meta name=\"twitter:data1\" content=\"4 minutes\" \/>\n<script type=\"application\/ld+json\" class=\"yoast-schema-graph\">{\"@context\":\"https:\\\/\\\/schema.org\",\"@graph\":[{\"@type\":\"WebPage\",\"@id\":\"https:\\\/\\\/vrising-france.com\\\/index.php\\\/guide-sang\\\/\",\"url\":\"https:\\\/\\\/vrising-france.com\\\/index.php\\\/guide-sang\\\/\",\"name\":\"Guide - Bien choisir son sang - VRising France\",\"isPartOf\":{\"@id\":\"https:\\\/\\\/vrising-france.com\\\/#website\"},\"primaryImageOfPage\":{\"@id\":\"https:\\\/\\\/vrising-france.com\\\/index.php\\\/guide-sang\\\/#primaryimage\"},\"image\":{\"@id\":\"https:\\\/\\\/vrising-france.com\\\/index.php\\\/guide-sang\\\/#primaryimage\"},\"thumbnailUrl\":\"https:\\\/\\\/vrising-france.com\\\/wp-content\\\/uploads\\\/2022\\\/05\\\/cropped-7_V_Rising_Servants-1.jpg\",\"datePublished\":\"2022-05-29T14:46:56+00:00\",\"dateModified\":\"2023-05-29T14:28:01+00:00\",\"description\":\"Le Sang dans VRising ainsi que toutes ces m\u00e9caniques \u00e9xpliqu\u00e9 en d\u00e9tail dans ce guide ainsi que la liste compl\u00e9te des types de sang.\",\"breadcrumb\":{\"@id\":\"https:\\\/\\\/vrising-france.com\\\/index.php\\\/guide-sang\\\/#breadcrumb\"},\"inLanguage\":\"fr-FR\",\"potentialAction\":[{\"@type\":\"ReadAction\",\"target\":[\"https:\\\/\\\/vrising-france.com\\\/index.php\\\/guide-sang\\\/\"]}]},{\"@type\":\"ImageObject\",\"inLanguage\":\"fr-FR\",\"@id\":\"https:\\\/\\\/vrising-france.com\\\/index.php\\\/guide-sang\\\/#primaryimage\",\"url\":\"https:\\\/\\\/vrising-france.com\\\/wp-content\\\/uploads\\\/2022\\\/05\\\/cropped-7_V_Rising_Servants-1.jpg\",\"contentUrl\":\"https:\\\/\\\/vrising-france.com\\\/wp-content\\\/uploads\\\/2022\\\/05\\\/cropped-7_V_Rising_Servants-1.jpg\",\"width\":542,\"height\":360},{\"@type\":\"BreadcrumbList\",\"@id\":\"https:\\\/\\\/vrising-france.com\\\/index.php\\\/guide-sang\\\/#breadcrumb\",\"itemListElement\":[{\"@type\":\"ListItem\",\"position\":1,\"name\":\"Accueil\",\"item\":\"https:\\\/\\\/vrising-france.com\\\/\"},{\"@type\":\"ListItem\",\"position\":2,\"name\":\"Guide &#8211; Bien choisir son sang\"}]},{\"@type\":\"WebSite\",\"@id\":\"https:\\\/\\\/vrising-france.com\\\/#website\",\"url\":\"https:\\\/\\\/vrising-france.com\\\/\",\"name\":\"VRising France\",\"description\":\"\",\"publisher\":{\"@id\":\"https:\\\/\\\/vrising-france.com\\\/#organization\"},\"potentialAction\":[{\"@type\":\"SearchAction\",\"target\":{\"@type\":\"EntryPoint\",\"urlTemplate\":\"https:\\\/\\\/vrising-france.com\\\/?s={search_term_string}\"},\"query-input\":{\"@type\":\"PropertyValueSpecification\",\"valueRequired\":true,\"valueName\":\"search_term_string\"}}],\"inLanguage\":\"fr-FR\"},{\"@type\":\"Organization\",\"@id\":\"https:\\\/\\\/vrising-france.com\\\/#organization\",\"name\":\"V Rising France\",\"url\":\"https:\\\/\\\/vrising-france.com\\\/\",\"logo\":{\"@type\":\"ImageObject\",\"inLanguage\":\"fr-FR\",\"@id\":\"https:\\\/\\\/vrising-france.com\\\/#\\\/schema\\\/logo\\\/image\\\/\",\"url\":\"https:\\\/\\\/vrising-france.com\\\/wp-content\\\/uploads\\\/2022\\\/05\\\/V_Rising_Main_Logo_1-1.png\",\"contentUrl\":\"https:\\\/\\\/vrising-france.com\\\/wp-content\\\/uploads\\\/2022\\\/05\\\/V_Rising_Main_Logo_1-1.png\",\"width\":2250,\"height\":812,\"caption\":\"V Rising France\"},\"image\":{\"@id\":\"https:\\\/\\\/vrising-france.com\\\/#\\\/schema\\\/logo\\\/image\\\/\"},\"sameAs\":[\"https:\\\/\\\/x.com\\\/VRisingFrance\"]}]}<\/script>\n<!-- \/ Yoast SEO plugin. -->","yoast_head_json":{"title":"Guide - Bien choisir son sang - VRising France","description":"Le Sang dans VRising ainsi que toutes ces m\u00e9caniques \u00e9xpliqu\u00e9 en d\u00e9tail dans ce guide ainsi que la liste compl\u00e9te des types de sang.","robots":{"index":"index","follow":"follow","max-snippet":"max-snippet:-1","max-image-preview":"max-image-preview:large","max-video-preview":"max-video-preview:-1"},"canonical":"https:\/\/vrising-france.com\/index.php\/guide-sang\/","og_locale":"fr_FR","og_type":"article","og_title":"Guide - Bien choisir son sang - VRising France","og_description":"Le Sang dans VRising ainsi que toutes ces m\u00e9caniques \u00e9xpliqu\u00e9 en d\u00e9tail dans ce guide ainsi que la liste compl\u00e9te des types de sang.","og_url":"https:\/\/vrising-france.com\/index.php\/guide-sang\/","og_site_name":"VRising France","article_modified_time":"2023-05-29T14:28:01+00:00","og_image":[{"width":542,"height":360,"url":"https:\/\/vrising-france.com\/wp-content\/uploads\/2022\/05\/cropped-7_V_Rising_Servants-1.jpg","type":"image\/jpeg"}],"twitter_card":"summary_large_image","twitter_site":"@VRisingFrance","twitter_misc":{"Dur\u00e9e de lecture estim\u00e9e":"4 minutes"},"schema":{"@context":"https:\/\/schema.org","@graph":[{"@type":"WebPage","@id":"https:\/\/vrising-france.com\/index.php\/guide-sang\/","url":"https:\/\/vrising-france.com\/index.php\/guide-sang\/","name":"Guide - Bien choisir son sang - VRising France","isPartOf":{"@id":"https:\/\/vrising-france.com\/#website"},"primaryImageOfPage":{"@id":"https:\/\/vrising-france.com\/index.php\/guide-sang\/#primaryimage"},"image":{"@id":"https:\/\/vrising-france.com\/index.php\/guide-sang\/#primaryimage"},"thumbnailUrl":"https:\/\/vrising-france.com\/wp-content\/uploads\/2022\/05\/cropped-7_V_Rising_Servants-1.jpg","datePublished":"2022-05-29T14:46:56+00:00","dateModified":"2023-05-29T14:28:01+00:00","description":"Le Sang dans VRising ainsi que toutes ces m\u00e9caniques \u00e9xpliqu\u00e9 en d\u00e9tail dans ce guide ainsi que la liste compl\u00e9te des types de sang.","breadcrumb":{"@id":"https:\/\/vrising-france.com\/index.php\/guide-sang\/#breadcrumb"},"inLanguage":"fr-FR","potentialAction":[{"@type":"ReadAction","target":["https:\/\/vrising-france.com\/index.php\/guide-sang\/"]}]},{"@type":"ImageObject","inLanguage":"fr-FR","@id":"https:\/\/vrising-france.com\/index.php\/guide-sang\/#primaryimage","url":"https:\/\/vrising-france.com\/wp-content\/uploads\/2022\/05\/cropped-7_V_Rising_Servants-1.jpg","contentUrl":"https:\/\/vrising-france.com\/wp-content\/uploads\/2022\/05\/cropped-7_V_Rising_Servants-1.jpg","width":542,"height":360},{"@type":"BreadcrumbList","@id":"https:\/\/vrising-france.com\/index.php\/guide-sang\/#breadcrumb","itemListElement":[{"@type":"ListItem","position":1,"name":"Accueil","item":"https:\/\/vrising-france.com\/"},{"@type":"ListItem","position":2,"name":"Guide &#8211; Bien choisir son sang"}]},{"@type":"WebSite","@id":"https:\/\/vrising-france.com\/#website","url":"https:\/\/vrising-france.com\/","name":"VRising France","description":"","publisher":{"@id":"https:\/\/vrising-france.com\/#organization"},"potentialAction":[{"@type":"SearchAction","target":{"@type":"EntryPoint","urlTemplate":"https:\/\/vrising-france.com\/?s={search_term_string}"},"query-input":{"@type":"PropertyValueSpecification","valueRequired":true,"valueName":"search_term_string"}}],"inLanguage":"fr-FR"},{"@type":"Organization","@id":"https:\/\/vrising-france.com\/#organization","name":"V Rising France","url":"https:\/\/vrising-france.com\/","logo":{"@type":"ImageObject","inLanguage":"fr-FR","@id":"https:\/\/vrising-france.com\/#\/schema\/logo\/image\/","url":"https:\/\/vrising-france.com\/wp-content\/uploads\/2022\/05\/V_Rising_Main_Logo_1-1.png","contentUrl":"https:\/\/vrising-france.com\/wp-content\/uploads\/2022\/05\/V_Rising_Main_Logo_1-1.png","width":2250,"height":812,"caption":"V Rising France"},"image":{"@id":"https:\/\/vrising-france.com\/#\/schema\/logo\/image\/"},"sameAs":["https:\/\/x.com\/VRisingFrance"]}]}},"jetpack-related-posts":[],"jetpack_sharing_enabled":true,"_links":{"self":[{"href":"https:\/\/vrising-france.com\/index.php\/wp-json\/wp\/v2\/pages\/179","targetHints":{"allow":["GET"]}}],"collection":[{"href":"https:\/\/vrising-france.com\/index.php\/wp-json\/wp\/v2\/pages"}],"about":[{"href":"https:\/\/vrising-france.com\/index.php\/wp-json\/wp\/v2\/types\/page"}],"author":[{"embeddable":true,"href":"https:\/\/vrising-france.com\/index.php\/wp-json\/wp\/v2\/users\/1"}],"replies":[{"embeddable":true,"href":"https:\/\/vrising-france.com\/index.php\/wp-json\/wp\/v2\/comments?post=179"}],"version-history":[{"count":3,"href":"https:\/\/vrising-france.com\/index.php\/wp-json\/wp\/v2\/pages\/179\/revisions"}],"predecessor-version":[{"id":320,"href":"https:\/\/vrising-france.com\/index.php\/wp-json\/wp\/v2\/pages\/179\/revisions\/320"}],"wp:featuredmedia":[{"embeddable":true,"href":"https:\/\/vrising-france.com\/index.php\/wp-json\/wp\/v2\/media\/92"}],"wp:attachment":[{"href":"https:\/\/vrising-france.com\/index.php\/wp-json\/wp\/v2\/media?parent=179"}],"curies":[{"name":"wp","href":"https:\/\/api.w.org\/{rel}","templated":true}]}}