{"id":227,"date":"2022-06-05T19:50:47","date_gmt":"2022-06-05T17:50:47","guid":{"rendered":"https:\/\/vrising-france.com\/?page_id=227"},"modified":"2023-05-29T16:46:11","modified_gmt":"2023-05-29T14:46:11","slug":"guide-minerai-de-fer","status":"publish","type":"page","link":"https:\/\/vrising-france.com\/index.php\/guide-minerai-de-fer\/","title":{"rendered":"Guide &#8211; Minerai de fer"},"content":{"rendered":"\n<p>Le minerai de Fer sera votre second minerai \u00e0 r\u00e9colter.<\/p>\n\n\n\n<h2 class=\"wp-block-heading\">O\u00f9 trouvez du fer ?<\/h2>\n\n\n\n<p>Vous le trouverez partout dans Vardoran mais plus particuli\u00e8rement \u00e0 la mine de Fer.<\/p>\n\n\n\n<p>Vous pouvez aussi trouver toutes ces informations sur <a href=\"https:\/\/vrising-map.com\/\" target=\"_blank\" rel=\"noreferrer noopener\">la map interactive<\/a><\/p>\n\n\n\n<figure class=\"wp-block-image size-large\"><img loading=\"lazy\" decoding=\"async\" width=\"1024\" height=\"1024\" src=\"https:\/\/vrising-france.com\/wp-content\/uploads\/2022\/06\/iron_map-1024x1024.png\" alt=\"\" class=\"wp-image-228\" srcset=\"https:\/\/vrising-france.com\/wp-content\/uploads\/2022\/06\/iron_map-1024x1024.png 1024w, https:\/\/vrising-france.com\/wp-content\/uploads\/2022\/06\/iron_map-300x300.png 300w, https:\/\/vrising-france.com\/wp-content\/uploads\/2022\/06\/iron_map-150x150.png 150w, https:\/\/vrising-france.com\/wp-content\/uploads\/2022\/06\/iron_map-768x768.png 768w, https:\/\/vrising-france.com\/wp-content\/uploads\/2022\/06\/iron_map-1080x1080.png 1080w, https:\/\/vrising-france.com\/wp-content\/uploads\/2022\/06\/iron_map.png 1360w\" sizes=\"auto, (max-width: 1024px) 100vw, 1024px\" \/><figcaption class=\"wp-element-caption\">L&#8217;emplacement de la mine de Fer<\/figcaption><\/figure>\n\n\n\n<h2 class=\"wp-block-heading\">Conseille sur cette zone<\/h2>\n\n\n\n<p>Suivez les pas de <a href=\"https:\/\/vrising-france.com\/index.php\/guide-les-boss-de-vrising\/\">Meredith<\/a> qui nettoiera la zone de tous les squelettes pr\u00e9sents. Vous pourrez \u00e9galement profiter de ses combats si elle est basse en vie pour la finir et avoir un boss assez facilement.<\/p>\n\n\n\n<p><\/p>\n\n\n\n<p><\/p>\n","protected":false},"excerpt":{"rendered":"<p>Le minerai de Fer sera votre second minerai \u00e0 r\u00e9colter. O\u00f9 trouvez du fer ? Vous le trouverez partout dans Vardoran mais plus particuli\u00e8rement \u00e0 la mine de Fer. Vous pouvez aussi trouver toutes ces informations sur la map interactive Conseille sur cette zone Suivez les pas de Meredith qui nettoiera la zone de tous&hellip; <br \/> <a class=\"read-more\" href=\"https:\/\/vrising-france.com\/index.php\/guide-minerai-de-fer\/\">Lire la suite<\/a><\/p>\n","protected":false},"author":1,"featured_media":0,"parent":0,"menu_order":0,"comment_status":"closed","ping_status":"closed","template":"","meta":{"footnotes":""},"class_list":["post-227","page","type-page","status-publish","hentry"],"yoast_head":"<!-- This site is optimized with the Yoast SEO plugin v27.4 - https:\/\/yoast.com\/product\/yoast-seo-wordpress\/ -->\n<title>Guide - Minerai de fer - VRising France<\/title>\n<meta name=\"description\" content=\"Tous nos conseilles sur la r\u00e9colte du Fer dans VRising. Ainsi que les astuces pour acc\u00e9l\u00e9rer votre farming.\" \/>\n<meta name=\"robots\" content=\"index, follow, max-snippet:-1, max-image-preview:large, max-video-preview:-1\" \/>\n<link rel=\"canonical\" href=\"https:\/\/vrising-france.com\/index.php\/guide-minerai-de-fer\/\" \/>\n<meta property=\"og:locale\" content=\"fr_FR\" \/>\n<meta property=\"og:type\" content=\"article\" \/>\n<meta property=\"og:title\" content=\"Guide - Minerai de fer - VRising France\" \/>\n<meta property=\"og:description\" content=\"Tous nos conseilles sur la r\u00e9colte du Fer dans VRising. Ainsi que les astuces pour acc\u00e9l\u00e9rer votre farming.\" \/>\n<meta property=\"og:url\" content=\"https:\/\/vrising-france.com\/index.php\/guide-minerai-de-fer\/\" \/>\n<meta property=\"og:site_name\" content=\"VRising France\" \/>\n<meta property=\"article:modified_time\" content=\"2023-05-29T14:46:11+00:00\" \/>\n<meta property=\"og:image\" content=\"https:\/\/vrising-france.com\/wp-content\/uploads\/2022\/06\/iron_map-1024x1024.png\" \/>\n<meta name=\"twitter:card\" content=\"summary_large_image\" \/>\n<meta name=\"twitter:site\" content=\"@VRisingFrance\" \/>\n<meta name=\"twitter:label1\" content=\"Dur\u00e9e de lecture estim\u00e9e\" \/>\n\t<meta name=\"twitter:data1\" content=\"1 minute\" \/>\n<script type=\"application\/ld+json\" class=\"yoast-schema-graph\">{\"@context\":\"https:\\\/\\\/schema.org\",\"@graph\":[{\"@type\":\"WebPage\",\"@id\":\"https:\\\/\\\/vrising-france.com\\\/index.php\\\/guide-minerai-de-fer\\\/\",\"url\":\"https:\\\/\\\/vrising-france.com\\\/index.php\\\/guide-minerai-de-fer\\\/\",\"name\":\"Guide - Minerai de fer - VRising France\",\"isPartOf\":{\"@id\":\"https:\\\/\\\/vrising-france.com\\\/#website\"},\"primaryImageOfPage\":{\"@id\":\"https:\\\/\\\/vrising-france.com\\\/index.php\\\/guide-minerai-de-fer\\\/#primaryimage\"},\"image\":{\"@id\":\"https:\\\/\\\/vrising-france.com\\\/index.php\\\/guide-minerai-de-fer\\\/#primaryimage\"},\"thumbnailUrl\":\"https:\\\/\\\/vrising-france.com\\\/wp-content\\\/uploads\\\/2022\\\/06\\\/iron_map-1024x1024.png\",\"datePublished\":\"2022-06-05T17:50:47+00:00\",\"dateModified\":\"2023-05-29T14:46:11+00:00\",\"description\":\"Tous nos conseilles sur la r\u00e9colte du Fer dans VRising. Ainsi que les astuces pour acc\u00e9l\u00e9rer votre farming.\",\"breadcrumb\":{\"@id\":\"https:\\\/\\\/vrising-france.com\\\/index.php\\\/guide-minerai-de-fer\\\/#breadcrumb\"},\"inLanguage\":\"fr-FR\",\"potentialAction\":[{\"@type\":\"ReadAction\",\"target\":[\"https:\\\/\\\/vrising-france.com\\\/index.php\\\/guide-minerai-de-fer\\\/\"]}]},{\"@type\":\"ImageObject\",\"inLanguage\":\"fr-FR\",\"@id\":\"https:\\\/\\\/vrising-france.com\\\/index.php\\\/guide-minerai-de-fer\\\/#primaryimage\",\"url\":\"https:\\\/\\\/vrising-france.com\\\/wp-content\\\/uploads\\\/2022\\\/06\\\/iron_map.png\",\"contentUrl\":\"https:\\\/\\\/vrising-france.com\\\/wp-content\\\/uploads\\\/2022\\\/06\\\/iron_map.png\",\"width\":1360,\"height\":1360},{\"@type\":\"BreadcrumbList\",\"@id\":\"https:\\\/\\\/vrising-france.com\\\/index.php\\\/guide-minerai-de-fer\\\/#breadcrumb\",\"itemListElement\":[{\"@type\":\"ListItem\",\"position\":1,\"name\":\"Accueil\",\"item\":\"https:\\\/\\\/vrising-france.com\\\/\"},{\"@type\":\"ListItem\",\"position\":2,\"name\":\"Guide &#8211; Minerai de fer\"}]},{\"@type\":\"WebSite\",\"@id\":\"https:\\\/\\\/vrising-france.com\\\/#website\",\"url\":\"https:\\\/\\\/vrising-france.com\\\/\",\"name\":\"VRising France\",\"description\":\"\",\"publisher\":{\"@id\":\"https:\\\/\\\/vrising-france.com\\\/#organization\"},\"potentialAction\":[{\"@type\":\"SearchAction\",\"target\":{\"@type\":\"EntryPoint\",\"urlTemplate\":\"https:\\\/\\\/vrising-france.com\\\/?s={search_term_string}\"},\"query-input\":{\"@type\":\"PropertyValueSpecification\",\"valueRequired\":true,\"valueName\":\"search_term_string\"}}],\"inLanguage\":\"fr-FR\"},{\"@type\":\"Organization\",\"@id\":\"https:\\\/\\\/vrising-france.com\\\/#organization\",\"name\":\"V Rising France\",\"url\":\"https:\\\/\\\/vrising-france.com\\\/\",\"logo\":{\"@type\":\"ImageObject\",\"inLanguage\":\"fr-FR\",\"@id\":\"https:\\\/\\\/vrising-france.com\\\/#\\\/schema\\\/logo\\\/image\\\/\",\"url\":\"https:\\\/\\\/vrising-france.com\\\/wp-content\\\/uploads\\\/2022\\\/05\\\/V_Rising_Main_Logo_1-1.png\",\"contentUrl\":\"https:\\\/\\\/vrising-france.com\\\/wp-content\\\/uploads\\\/2022\\\/05\\\/V_Rising_Main_Logo_1-1.png\",\"width\":2250,\"height\":812,\"caption\":\"V Rising France\"},\"image\":{\"@id\":\"https:\\\/\\\/vrising-france.com\\\/#\\\/schema\\\/logo\\\/image\\\/\"},\"sameAs\":[\"https:\\\/\\\/x.com\\\/VRisingFrance\"]}]}<\/script>\n<!-- \/ Yoast SEO plugin. -->","yoast_head_json":{"title":"Guide - Minerai de fer - VRising France","description":"Tous nos conseilles sur la r\u00e9colte du Fer dans VRising. Ainsi que les astuces pour acc\u00e9l\u00e9rer votre farming.","robots":{"index":"index","follow":"follow","max-snippet":"max-snippet:-1","max-image-preview":"max-image-preview:large","max-video-preview":"max-video-preview:-1"},"canonical":"https:\/\/vrising-france.com\/index.php\/guide-minerai-de-fer\/","og_locale":"fr_FR","og_type":"article","og_title":"Guide - Minerai de fer - VRising France","og_description":"Tous nos conseilles sur la r\u00e9colte du Fer dans VRising. Ainsi que les astuces pour acc\u00e9l\u00e9rer votre farming.","og_url":"https:\/\/vrising-france.com\/index.php\/guide-minerai-de-fer\/","og_site_name":"VRising France","article_modified_time":"2023-05-29T14:46:11+00:00","og_image":[{"url":"https:\/\/vrising-france.com\/wp-content\/uploads\/2022\/06\/iron_map-1024x1024.png","type":"","width":"","height":""}],"twitter_card":"summary_large_image","twitter_site":"@VRisingFrance","twitter_misc":{"Dur\u00e9e de lecture estim\u00e9e":"1 minute"},"schema":{"@context":"https:\/\/schema.org","@graph":[{"@type":"WebPage","@id":"https:\/\/vrising-france.com\/index.php\/guide-minerai-de-fer\/","url":"https:\/\/vrising-france.com\/index.php\/guide-minerai-de-fer\/","name":"Guide - Minerai de fer - VRising France","isPartOf":{"@id":"https:\/\/vrising-france.com\/#website"},"primaryImageOfPage":{"@id":"https:\/\/vrising-france.com\/index.php\/guide-minerai-de-fer\/#primaryimage"},"image":{"@id":"https:\/\/vrising-france.com\/index.php\/guide-minerai-de-fer\/#primaryimage"},"thumbnailUrl":"https:\/\/vrising-france.com\/wp-content\/uploads\/2022\/06\/iron_map-1024x1024.png","datePublished":"2022-06-05T17:50:47+00:00","dateModified":"2023-05-29T14:46:11+00:00","description":"Tous nos conseilles sur la r\u00e9colte du Fer dans VRising. Ainsi que les astuces pour acc\u00e9l\u00e9rer votre farming.","breadcrumb":{"@id":"https:\/\/vrising-france.com\/index.php\/guide-minerai-de-fer\/#breadcrumb"},"inLanguage":"fr-FR","potentialAction":[{"@type":"ReadAction","target":["https:\/\/vrising-france.com\/index.php\/guide-minerai-de-fer\/"]}]},{"@type":"ImageObject","inLanguage":"fr-FR","@id":"https:\/\/vrising-france.com\/index.php\/guide-minerai-de-fer\/#primaryimage","url":"https:\/\/vrising-france.com\/wp-content\/uploads\/2022\/06\/iron_map.png","contentUrl":"https:\/\/vrising-france.com\/wp-content\/uploads\/2022\/06\/iron_map.png","width":1360,"height":1360},{"@type":"BreadcrumbList","@id":"https:\/\/vrising-france.com\/index.php\/guide-minerai-de-fer\/#breadcrumb","itemListElement":[{"@type":"ListItem","position":1,"name":"Accueil","item":"https:\/\/vrising-france.com\/"},{"@type":"ListItem","position":2,"name":"Guide &#8211; Minerai de fer"}]},{"@type":"WebSite","@id":"https:\/\/vrising-france.com\/#website","url":"https:\/\/vrising-france.com\/","name":"VRising France","description":"","publisher":{"@id":"https:\/\/vrising-france.com\/#organization"},"potentialAction":[{"@type":"SearchAction","target":{"@type":"EntryPoint","urlTemplate":"https:\/\/vrising-france.com\/?s={search_term_string}"},"query-input":{"@type":"PropertyValueSpecification","valueRequired":true,"valueName":"search_term_string"}}],"inLanguage":"fr-FR"},{"@type":"Organization","@id":"https:\/\/vrising-france.com\/#organization","name":"V Rising France","url":"https:\/\/vrising-france.com\/","logo":{"@type":"ImageObject","inLanguage":"fr-FR","@id":"https:\/\/vrising-france.com\/#\/schema\/logo\/image\/","url":"https:\/\/vrising-france.com\/wp-content\/uploads\/2022\/05\/V_Rising_Main_Logo_1-1.png","contentUrl":"https:\/\/vrising-france.com\/wp-content\/uploads\/2022\/05\/V_Rising_Main_Logo_1-1.png","width":2250,"height":812,"caption":"V Rising France"},"image":{"@id":"https:\/\/vrising-france.com\/#\/schema\/logo\/image\/"},"sameAs":["https:\/\/x.com\/VRisingFrance"]}]}},"jetpack-related-posts":[],"jetpack_sharing_enabled":true,"_links":{"self":[{"href":"https:\/\/vrising-france.com\/index.php\/wp-json\/wp\/v2\/pages\/227","targetHints":{"allow":["GET"]}}],"collection":[{"href":"https:\/\/vrising-france.com\/index.php\/wp-json\/wp\/v2\/pages"}],"about":[{"href":"https:\/\/vrising-france.com\/index.php\/wp-json\/wp\/v2\/types\/page"}],"author":[{"embeddable":true,"href":"https:\/\/vrising-france.com\/index.php\/wp-json\/wp\/v2\/users\/1"}],"replies":[{"embeddable":true,"href":"https:\/\/vrising-france.com\/index.php\/wp-json\/wp\/v2\/comments?post=227"}],"version-history":[{"count":4,"href":"https:\/\/vrising-france.com\/index.php\/wp-json\/wp\/v2\/pages\/227\/revisions"}],"predecessor-version":[{"id":336,"href":"https:\/\/vrising-france.com\/index.php\/wp-json\/wp\/v2\/pages\/227\/revisions\/336"}],"wp:attachment":[{"href":"https:\/\/vrising-france.com\/index.php\/wp-json\/wp\/v2\/media?parent=227"}],"curies":[{"name":"wp","href":"https:\/\/api.w.org\/{rel}","templated":true}]}}