{"id":237,"date":"2022-06-06T22:45:04","date_gmt":"2022-06-06T20:45:04","guid":{"rendered":"https:\/\/vrising-france.com\/?page_id=237"},"modified":"2023-05-29T16:45:43","modified_gmt":"2023-05-29T14:45:43","slug":"guide-minerai-dargent","status":"publish","type":"page","link":"https:\/\/vrising-france.com\/index.php\/guide-minerai-dargent\/","title":{"rendered":"Guide &#8211; Minerai d&rsquo;argent"},"content":{"rendered":"\n<p>Le minerai d&rsquo;argent sera votre troisi\u00e8me minerai \u00e0 r\u00e9colter.<\/p>\n\n\n\n<h2 class=\"wp-block-heading\">O\u00f9 trouvez de l&rsquo;argent ?<\/h2>\n\n\n\n<p>Vous le trouverez partout dans Vardoran mais plus particuli\u00e8rement \u00e0 la mine d&rsquo;argent.<\/p>\n\n\n\n<p>Vous pouvez aussi trouver toutes ces informations sur <a href=\"https:\/\/vrising-map.com\/\" target=\"_blank\" rel=\"noreferrer noopener\">la map interactive<\/a><\/p>\n\n\n\n<figure class=\"wp-block-image size-large\"><img loading=\"lazy\" decoding=\"async\" width=\"1024\" height=\"1024\" src=\"https:\/\/vrising-france.com\/wp-content\/uploads\/2022\/06\/silver_map-1024x1024.png\" alt=\"\" class=\"wp-image-238\" srcset=\"https:\/\/vrising-france.com\/wp-content\/uploads\/2022\/06\/silver_map-1024x1024.png 1024w, https:\/\/vrising-france.com\/wp-content\/uploads\/2022\/06\/silver_map-300x300.png 300w, https:\/\/vrising-france.com\/wp-content\/uploads\/2022\/06\/silver_map-150x150.png 150w, https:\/\/vrising-france.com\/wp-content\/uploads\/2022\/06\/silver_map-768x768.png 768w, https:\/\/vrising-france.com\/wp-content\/uploads\/2022\/06\/silver_map-1080x1080.png 1080w, https:\/\/vrising-france.com\/wp-content\/uploads\/2022\/06\/silver_map.png 1360w\" sizes=\"auto, (max-width: 1024px) 100vw, 1024px\" \/><figcaption class=\"wp-element-caption\">L&#8217;emplacement de la mine d&rsquo;argent<\/figcaption><\/figure>\n\n\n\n<h2 class=\"wp-block-heading\">Conseille sur cette zone<\/h2>\n\n\n\n<p>Rappelons-nous que nous sommes des Vampires et l&rsquo;argent n&rsquo;est pas notre meilleur ami.<br>Pour cela il vous faudra donc venir \u00e9quip\u00e9 de potion de r\u00e9sistance \u00e0 l&rsquo;argent pour pouvoir transporter une bonne dose d&rsquo;argent avant de rentrer chez vous.<\/p>\n\n\n\n<p><\/p>\n\n\n\n<p><\/p>\n","protected":false},"excerpt":{"rendered":"<p>Le minerai d&rsquo;argent sera votre troisi\u00e8me minerai \u00e0 r\u00e9colter. O\u00f9 trouvez de l&rsquo;argent ? Vous le trouverez partout dans Vardoran mais plus particuli\u00e8rement \u00e0 la mine d&rsquo;argent. Vous pouvez aussi trouver toutes ces informations sur la map interactive Conseille sur cette zone Rappelons-nous que nous sommes des Vampires et l&rsquo;argent n&rsquo;est pas notre meilleur ami.Pour&hellip; <br \/> <a class=\"read-more\" href=\"https:\/\/vrising-france.com\/index.php\/guide-minerai-dargent\/\">Lire la suite<\/a><\/p>\n","protected":false},"author":1,"featured_media":0,"parent":0,"menu_order":0,"comment_status":"closed","ping_status":"closed","template":"","meta":{"footnotes":""},"class_list":["post-237","page","type-page","status-publish","hentry"],"yoast_head":"<!-- This site is optimized with the Yoast SEO plugin v27.4 - https:\/\/yoast.com\/product\/yoast-seo-wordpress\/ -->\n<title>Guide - Minerai d&#039;argent - VRising France<\/title>\n<meta name=\"robots\" content=\"index, follow, max-snippet:-1, max-image-preview:large, max-video-preview:-1\" \/>\n<link rel=\"canonical\" href=\"https:\/\/vrising-france.com\/index.php\/guide-minerai-dargent\/\" \/>\n<meta property=\"og:locale\" content=\"fr_FR\" \/>\n<meta property=\"og:type\" content=\"article\" \/>\n<meta property=\"og:title\" content=\"Guide - Minerai d&#039;argent - VRising France\" \/>\n<meta property=\"og:description\" content=\"Le minerai d&rsquo;argent sera votre troisi\u00e8me minerai \u00e0 r\u00e9colter. O\u00f9 trouvez de l&rsquo;argent ? Vous le trouverez partout dans Vardoran mais plus particuli\u00e8rement \u00e0 la mine d&rsquo;argent. Vous pouvez aussi trouver toutes ces informations sur la map interactive Conseille sur cette zone Rappelons-nous que nous sommes des Vampires et l&rsquo;argent n&rsquo;est pas notre meilleur ami.Pour&hellip; Lire la suite\" \/>\n<meta property=\"og:url\" content=\"https:\/\/vrising-france.com\/index.php\/guide-minerai-dargent\/\" \/>\n<meta property=\"og:site_name\" content=\"VRising France\" \/>\n<meta property=\"article:modified_time\" content=\"2023-05-29T14:45:43+00:00\" \/>\n<meta property=\"og:image\" content=\"https:\/\/vrising-france.com\/wp-content\/uploads\/2022\/06\/silver_map-1024x1024.png\" \/>\n<meta name=\"twitter:card\" content=\"summary_large_image\" \/>\n<meta name=\"twitter:site\" content=\"@VRisingFrance\" \/>\n<meta name=\"twitter:label1\" content=\"Dur\u00e9e de lecture estim\u00e9e\" \/>\n\t<meta name=\"twitter:data1\" content=\"1 minute\" \/>\n<script type=\"application\/ld+json\" class=\"yoast-schema-graph\">{\"@context\":\"https:\\\/\\\/schema.org\",\"@graph\":[{\"@type\":\"WebPage\",\"@id\":\"https:\\\/\\\/vrising-france.com\\\/index.php\\\/guide-minerai-dargent\\\/\",\"url\":\"https:\\\/\\\/vrising-france.com\\\/index.php\\\/guide-minerai-dargent\\\/\",\"name\":\"Guide - Minerai d'argent - VRising France\",\"isPartOf\":{\"@id\":\"https:\\\/\\\/vrising-france.com\\\/#website\"},\"primaryImageOfPage\":{\"@id\":\"https:\\\/\\\/vrising-france.com\\\/index.php\\\/guide-minerai-dargent\\\/#primaryimage\"},\"image\":{\"@id\":\"https:\\\/\\\/vrising-france.com\\\/index.php\\\/guide-minerai-dargent\\\/#primaryimage\"},\"thumbnailUrl\":\"https:\\\/\\\/vrising-france.com\\\/wp-content\\\/uploads\\\/2022\\\/06\\\/silver_map-1024x1024.png\",\"datePublished\":\"2022-06-06T20:45:04+00:00\",\"dateModified\":\"2023-05-29T14:45:43+00:00\",\"breadcrumb\":{\"@id\":\"https:\\\/\\\/vrising-france.com\\\/index.php\\\/guide-minerai-dargent\\\/#breadcrumb\"},\"inLanguage\":\"fr-FR\",\"potentialAction\":[{\"@type\":\"ReadAction\",\"target\":[\"https:\\\/\\\/vrising-france.com\\\/index.php\\\/guide-minerai-dargent\\\/\"]}]},{\"@type\":\"ImageObject\",\"inLanguage\":\"fr-FR\",\"@id\":\"https:\\\/\\\/vrising-france.com\\\/index.php\\\/guide-minerai-dargent\\\/#primaryimage\",\"url\":\"https:\\\/\\\/vrising-france.com\\\/wp-content\\\/uploads\\\/2022\\\/06\\\/silver_map.png\",\"contentUrl\":\"https:\\\/\\\/vrising-france.com\\\/wp-content\\\/uploads\\\/2022\\\/06\\\/silver_map.png\",\"width\":1360,\"height\":1360},{\"@type\":\"BreadcrumbList\",\"@id\":\"https:\\\/\\\/vrising-france.com\\\/index.php\\\/guide-minerai-dargent\\\/#breadcrumb\",\"itemListElement\":[{\"@type\":\"ListItem\",\"position\":1,\"name\":\"Accueil\",\"item\":\"https:\\\/\\\/vrising-france.com\\\/\"},{\"@type\":\"ListItem\",\"position\":2,\"name\":\"Guide &#8211; Minerai d&rsquo;argent\"}]},{\"@type\":\"WebSite\",\"@id\":\"https:\\\/\\\/vrising-france.com\\\/#website\",\"url\":\"https:\\\/\\\/vrising-france.com\\\/\",\"name\":\"VRising France\",\"description\":\"\",\"publisher\":{\"@id\":\"https:\\\/\\\/vrising-france.com\\\/#organization\"},\"potentialAction\":[{\"@type\":\"SearchAction\",\"target\":{\"@type\":\"EntryPoint\",\"urlTemplate\":\"https:\\\/\\\/vrising-france.com\\\/?s={search_term_string}\"},\"query-input\":{\"@type\":\"PropertyValueSpecification\",\"valueRequired\":true,\"valueName\":\"search_term_string\"}}],\"inLanguage\":\"fr-FR\"},{\"@type\":\"Organization\",\"@id\":\"https:\\\/\\\/vrising-france.com\\\/#organization\",\"name\":\"V Rising France\",\"url\":\"https:\\\/\\\/vrising-france.com\\\/\",\"logo\":{\"@type\":\"ImageObject\",\"inLanguage\":\"fr-FR\",\"@id\":\"https:\\\/\\\/vrising-france.com\\\/#\\\/schema\\\/logo\\\/image\\\/\",\"url\":\"https:\\\/\\\/vrising-france.com\\\/wp-content\\\/uploads\\\/2022\\\/05\\\/V_Rising_Main_Logo_1-1.png\",\"contentUrl\":\"https:\\\/\\\/vrising-france.com\\\/wp-content\\\/uploads\\\/2022\\\/05\\\/V_Rising_Main_Logo_1-1.png\",\"width\":2250,\"height\":812,\"caption\":\"V Rising France\"},\"image\":{\"@id\":\"https:\\\/\\\/vrising-france.com\\\/#\\\/schema\\\/logo\\\/image\\\/\"},\"sameAs\":[\"https:\\\/\\\/x.com\\\/VRisingFrance\"]}]}<\/script>\n<!-- \/ Yoast SEO plugin. -->","yoast_head_json":{"title":"Guide - Minerai d'argent - VRising France","robots":{"index":"index","follow":"follow","max-snippet":"max-snippet:-1","max-image-preview":"max-image-preview:large","max-video-preview":"max-video-preview:-1"},"canonical":"https:\/\/vrising-france.com\/index.php\/guide-minerai-dargent\/","og_locale":"fr_FR","og_type":"article","og_title":"Guide - Minerai d'argent - VRising France","og_description":"Le minerai d&rsquo;argent sera votre troisi\u00e8me minerai \u00e0 r\u00e9colter. O\u00f9 trouvez de l&rsquo;argent ? Vous le trouverez partout dans Vardoran mais plus particuli\u00e8rement \u00e0 la mine d&rsquo;argent. Vous pouvez aussi trouver toutes ces informations sur la map interactive Conseille sur cette zone Rappelons-nous que nous sommes des Vampires et l&rsquo;argent n&rsquo;est pas notre meilleur ami.Pour&hellip; Lire la suite","og_url":"https:\/\/vrising-france.com\/index.php\/guide-minerai-dargent\/","og_site_name":"VRising France","article_modified_time":"2023-05-29T14:45:43+00:00","og_image":[{"url":"https:\/\/vrising-france.com\/wp-content\/uploads\/2022\/06\/silver_map-1024x1024.png","type":"","width":"","height":""}],"twitter_card":"summary_large_image","twitter_site":"@VRisingFrance","twitter_misc":{"Dur\u00e9e de lecture estim\u00e9e":"1 minute"},"schema":{"@context":"https:\/\/schema.org","@graph":[{"@type":"WebPage","@id":"https:\/\/vrising-france.com\/index.php\/guide-minerai-dargent\/","url":"https:\/\/vrising-france.com\/index.php\/guide-minerai-dargent\/","name":"Guide - Minerai d'argent - VRising France","isPartOf":{"@id":"https:\/\/vrising-france.com\/#website"},"primaryImageOfPage":{"@id":"https:\/\/vrising-france.com\/index.php\/guide-minerai-dargent\/#primaryimage"},"image":{"@id":"https:\/\/vrising-france.com\/index.php\/guide-minerai-dargent\/#primaryimage"},"thumbnailUrl":"https:\/\/vrising-france.com\/wp-content\/uploads\/2022\/06\/silver_map-1024x1024.png","datePublished":"2022-06-06T20:45:04+00:00","dateModified":"2023-05-29T14:45:43+00:00","breadcrumb":{"@id":"https:\/\/vrising-france.com\/index.php\/guide-minerai-dargent\/#breadcrumb"},"inLanguage":"fr-FR","potentialAction":[{"@type":"ReadAction","target":["https:\/\/vrising-france.com\/index.php\/guide-minerai-dargent\/"]}]},{"@type":"ImageObject","inLanguage":"fr-FR","@id":"https:\/\/vrising-france.com\/index.php\/guide-minerai-dargent\/#primaryimage","url":"https:\/\/vrising-france.com\/wp-content\/uploads\/2022\/06\/silver_map.png","contentUrl":"https:\/\/vrising-france.com\/wp-content\/uploads\/2022\/06\/silver_map.png","width":1360,"height":1360},{"@type":"BreadcrumbList","@id":"https:\/\/vrising-france.com\/index.php\/guide-minerai-dargent\/#breadcrumb","itemListElement":[{"@type":"ListItem","position":1,"name":"Accueil","item":"https:\/\/vrising-france.com\/"},{"@type":"ListItem","position":2,"name":"Guide &#8211; Minerai d&rsquo;argent"}]},{"@type":"WebSite","@id":"https:\/\/vrising-france.com\/#website","url":"https:\/\/vrising-france.com\/","name":"VRising France","description":"","publisher":{"@id":"https:\/\/vrising-france.com\/#organization"},"potentialAction":[{"@type":"SearchAction","target":{"@type":"EntryPoint","urlTemplate":"https:\/\/vrising-france.com\/?s={search_term_string}"},"query-input":{"@type":"PropertyValueSpecification","valueRequired":true,"valueName":"search_term_string"}}],"inLanguage":"fr-FR"},{"@type":"Organization","@id":"https:\/\/vrising-france.com\/#organization","name":"V Rising France","url":"https:\/\/vrising-france.com\/","logo":{"@type":"ImageObject","inLanguage":"fr-FR","@id":"https:\/\/vrising-france.com\/#\/schema\/logo\/image\/","url":"https:\/\/vrising-france.com\/wp-content\/uploads\/2022\/05\/V_Rising_Main_Logo_1-1.png","contentUrl":"https:\/\/vrising-france.com\/wp-content\/uploads\/2022\/05\/V_Rising_Main_Logo_1-1.png","width":2250,"height":812,"caption":"V Rising France"},"image":{"@id":"https:\/\/vrising-france.com\/#\/schema\/logo\/image\/"},"sameAs":["https:\/\/x.com\/VRisingFrance"]}]}},"jetpack-related-posts":[],"jetpack_sharing_enabled":true,"_links":{"self":[{"href":"https:\/\/vrising-france.com\/index.php\/wp-json\/wp\/v2\/pages\/237","targetHints":{"allow":["GET"]}}],"collection":[{"href":"https:\/\/vrising-france.com\/index.php\/wp-json\/wp\/v2\/pages"}],"about":[{"href":"https:\/\/vrising-france.com\/index.php\/wp-json\/wp\/v2\/types\/page"}],"author":[{"embeddable":true,"href":"https:\/\/vrising-france.com\/index.php\/wp-json\/wp\/v2\/users\/1"}],"replies":[{"embeddable":true,"href":"https:\/\/vrising-france.com\/index.php\/wp-json\/wp\/v2\/comments?post=237"}],"version-history":[{"count":3,"href":"https:\/\/vrising-france.com\/index.php\/wp-json\/wp\/v2\/pages\/237\/revisions"}],"predecessor-version":[{"id":335,"href":"https:\/\/vrising-france.com\/index.php\/wp-json\/wp\/v2\/pages\/237\/revisions\/335"}],"wp:attachment":[{"href":"https:\/\/vrising-france.com\/index.php\/wp-json\/wp\/v2\/media?parent=237"}],"curies":[{"name":"wp","href":"https:\/\/api.w.org\/{rel}","templated":true}]}}