{"id":241,"date":"2022-06-06T22:51:08","date_gmt":"2022-06-06T20:51:08","guid":{"rendered":"https:\/\/vrising-france.com\/?page_id=241"},"modified":"2023-05-29T16:41:51","modified_gmt":"2023-05-29T14:41:51","slug":"guide-bijou-dore","status":"publish","type":"page","link":"https:\/\/vrising-france.com\/index.php\/guide-bijou-dore\/","title":{"rendered":"Guide &#8211; Bijou dor\u00e9"},"content":{"rendered":"\n<p>Les bijoux dor\u00e9s seront votre derni\u00e8re source de lingot.<\/p>\n\n\n\n<h2 class=\"wp-block-heading\">O\u00f9 trouvez des bijoux dor\u00e9s ?<\/h2>\n\n\n\n<p>Vous le trouverez partout dans Vardoran mais plus particuli\u00e8rement \u00e0 la cath\u00e9drale de Brighthaven.<\/p>\n\n\n\n<p>Vous pouvez aussi trouver toutes ces informations sur <a href=\"https:\/\/vrising-map.com\/\" target=\"_blank\" rel=\"noreferrer noopener\">la map interactive<\/a><\/p>\n\n\n\n<figure class=\"wp-block-image size-large\"><img loading=\"lazy\" decoding=\"async\" width=\"1024\" height=\"1024\" src=\"https:\/\/vrising-france.com\/wp-content\/uploads\/2022\/06\/gold_map-1024x1024.png\" alt=\"\" class=\"wp-image-243\" srcset=\"https:\/\/vrising-france.com\/wp-content\/uploads\/2022\/06\/gold_map-1024x1024.png 1024w, https:\/\/vrising-france.com\/wp-content\/uploads\/2022\/06\/gold_map-300x300.png 300w, https:\/\/vrising-france.com\/wp-content\/uploads\/2022\/06\/gold_map-150x150.png 150w, https:\/\/vrising-france.com\/wp-content\/uploads\/2022\/06\/gold_map-768x768.png 768w, https:\/\/vrising-france.com\/wp-content\/uploads\/2022\/06\/gold_map-1080x1080.png 1080w, https:\/\/vrising-france.com\/wp-content\/uploads\/2022\/06\/gold_map.png 1360w\" sizes=\"auto, (max-width: 1024px) 100vw, 1024px\" \/><figcaption class=\"wp-element-caption\">Emplacement de la cath\u00e9drale de Brighthaven<\/figcaption><\/figure>\n\n\n\n<h2 class=\"wp-block-heading\">Conseille sur cette zone<\/h2>\n\n\n\n<p>Contrairement aux minerais, les Bijoux seront r\u00e9cup\u00e9rables sur les adversaires de cette zone.<\/p>\n\n\n\n<p>Vous pourrez \u00e9galement trouver ces adversaires partout dans la ville, ce sont notamment les adversaires de type sacr\u00e9 tels que le paladin les nones etc&#8230;<\/p>\n\n\n\n<p><\/p>\n\n\n\n<p><\/p>\n","protected":false},"excerpt":{"rendered":"<p>Les bijoux dor\u00e9s seront votre derni\u00e8re source de lingot. O\u00f9 trouvez des bijoux dor\u00e9s ? Vous le trouverez partout dans Vardoran mais plus particuli\u00e8rement \u00e0 la cath\u00e9drale de Brighthaven. Vous pouvez aussi trouver toutes ces informations sur la map interactive Conseille sur cette zone Contrairement aux minerais, les Bijoux seront r\u00e9cup\u00e9rables sur les adversaires de&hellip; <br \/> <a class=\"read-more\" href=\"https:\/\/vrising-france.com\/index.php\/guide-bijou-dore\/\">Lire la suite<\/a><\/p>\n","protected":false},"author":1,"featured_media":0,"parent":0,"menu_order":0,"comment_status":"closed","ping_status":"closed","template":"","meta":{"footnotes":""},"class_list":["post-241","page","type-page","status-publish","hentry"],"yoast_head":"<!-- This site is optimized with the Yoast SEO plugin v27.4 - https:\/\/yoast.com\/product\/yoast-seo-wordpress\/ -->\n<title>Guide - Bijou dor\u00e9 - VRising France<\/title>\n<meta name=\"robots\" content=\"index, follow, max-snippet:-1, max-image-preview:large, max-video-preview:-1\" \/>\n<link rel=\"canonical\" href=\"https:\/\/vrising-france.com\/index.php\/guide-bijou-dore\/\" \/>\n<meta property=\"og:locale\" content=\"fr_FR\" \/>\n<meta property=\"og:type\" content=\"article\" \/>\n<meta property=\"og:title\" content=\"Guide - Bijou dor\u00e9 - VRising France\" \/>\n<meta property=\"og:description\" content=\"Les bijoux dor\u00e9s seront votre derni\u00e8re source de lingot. O\u00f9 trouvez des bijoux dor\u00e9s ? Vous le trouverez partout dans Vardoran mais plus particuli\u00e8rement \u00e0 la cath\u00e9drale de Brighthaven. Vous pouvez aussi trouver toutes ces informations sur la map interactive Conseille sur cette zone Contrairement aux minerais, les Bijoux seront r\u00e9cup\u00e9rables sur les adversaires de&hellip; Lire la suite\" \/>\n<meta property=\"og:url\" content=\"https:\/\/vrising-france.com\/index.php\/guide-bijou-dore\/\" \/>\n<meta property=\"og:site_name\" content=\"VRising France\" \/>\n<meta property=\"article:modified_time\" content=\"2023-05-29T14:41:51+00:00\" \/>\n<meta property=\"og:image\" content=\"https:\/\/vrising-france.com\/wp-content\/uploads\/2022\/06\/gold_map-1024x1024.png\" \/>\n<meta name=\"twitter:card\" content=\"summary_large_image\" \/>\n<meta name=\"twitter:site\" content=\"@VRisingFrance\" \/>\n<meta name=\"twitter:label1\" content=\"Dur\u00e9e de lecture estim\u00e9e\" \/>\n\t<meta name=\"twitter:data1\" content=\"1 minute\" \/>\n<script type=\"application\/ld+json\" class=\"yoast-schema-graph\">{\"@context\":\"https:\\\/\\\/schema.org\",\"@graph\":[{\"@type\":\"WebPage\",\"@id\":\"https:\\\/\\\/vrising-france.com\\\/index.php\\\/guide-bijou-dore\\\/\",\"url\":\"https:\\\/\\\/vrising-france.com\\\/index.php\\\/guide-bijou-dore\\\/\",\"name\":\"Guide - Bijou dor\u00e9 - VRising France\",\"isPartOf\":{\"@id\":\"https:\\\/\\\/vrising-france.com\\\/#website\"},\"primaryImageOfPage\":{\"@id\":\"https:\\\/\\\/vrising-france.com\\\/index.php\\\/guide-bijou-dore\\\/#primaryimage\"},\"image\":{\"@id\":\"https:\\\/\\\/vrising-france.com\\\/index.php\\\/guide-bijou-dore\\\/#primaryimage\"},\"thumbnailUrl\":\"https:\\\/\\\/vrising-france.com\\\/wp-content\\\/uploads\\\/2022\\\/06\\\/gold_map-1024x1024.png\",\"datePublished\":\"2022-06-06T20:51:08+00:00\",\"dateModified\":\"2023-05-29T14:41:51+00:00\",\"breadcrumb\":{\"@id\":\"https:\\\/\\\/vrising-france.com\\\/index.php\\\/guide-bijou-dore\\\/#breadcrumb\"},\"inLanguage\":\"fr-FR\",\"potentialAction\":[{\"@type\":\"ReadAction\",\"target\":[\"https:\\\/\\\/vrising-france.com\\\/index.php\\\/guide-bijou-dore\\\/\"]}]},{\"@type\":\"ImageObject\",\"inLanguage\":\"fr-FR\",\"@id\":\"https:\\\/\\\/vrising-france.com\\\/index.php\\\/guide-bijou-dore\\\/#primaryimage\",\"url\":\"https:\\\/\\\/vrising-france.com\\\/wp-content\\\/uploads\\\/2022\\\/06\\\/gold_map.png\",\"contentUrl\":\"https:\\\/\\\/vrising-france.com\\\/wp-content\\\/uploads\\\/2022\\\/06\\\/gold_map.png\",\"width\":1360,\"height\":1360},{\"@type\":\"BreadcrumbList\",\"@id\":\"https:\\\/\\\/vrising-france.com\\\/index.php\\\/guide-bijou-dore\\\/#breadcrumb\",\"itemListElement\":[{\"@type\":\"ListItem\",\"position\":1,\"name\":\"Accueil\",\"item\":\"https:\\\/\\\/vrising-france.com\\\/\"},{\"@type\":\"ListItem\",\"position\":2,\"name\":\"Guide &#8211; Bijou dor\u00e9\"}]},{\"@type\":\"WebSite\",\"@id\":\"https:\\\/\\\/vrising-france.com\\\/#website\",\"url\":\"https:\\\/\\\/vrising-france.com\\\/\",\"name\":\"VRising France\",\"description\":\"\",\"publisher\":{\"@id\":\"https:\\\/\\\/vrising-france.com\\\/#organization\"},\"potentialAction\":[{\"@type\":\"SearchAction\",\"target\":{\"@type\":\"EntryPoint\",\"urlTemplate\":\"https:\\\/\\\/vrising-france.com\\\/?s={search_term_string}\"},\"query-input\":{\"@type\":\"PropertyValueSpecification\",\"valueRequired\":true,\"valueName\":\"search_term_string\"}}],\"inLanguage\":\"fr-FR\"},{\"@type\":\"Organization\",\"@id\":\"https:\\\/\\\/vrising-france.com\\\/#organization\",\"name\":\"V Rising France\",\"url\":\"https:\\\/\\\/vrising-france.com\\\/\",\"logo\":{\"@type\":\"ImageObject\",\"inLanguage\":\"fr-FR\",\"@id\":\"https:\\\/\\\/vrising-france.com\\\/#\\\/schema\\\/logo\\\/image\\\/\",\"url\":\"https:\\\/\\\/vrising-france.com\\\/wp-content\\\/uploads\\\/2022\\\/05\\\/V_Rising_Main_Logo_1-1.png\",\"contentUrl\":\"https:\\\/\\\/vrising-france.com\\\/wp-content\\\/uploads\\\/2022\\\/05\\\/V_Rising_Main_Logo_1-1.png\",\"width\":2250,\"height\":812,\"caption\":\"V Rising France\"},\"image\":{\"@id\":\"https:\\\/\\\/vrising-france.com\\\/#\\\/schema\\\/logo\\\/image\\\/\"},\"sameAs\":[\"https:\\\/\\\/x.com\\\/VRisingFrance\"]}]}<\/script>\n<!-- \/ Yoast SEO plugin. -->","yoast_head_json":{"title":"Guide - Bijou dor\u00e9 - VRising France","robots":{"index":"index","follow":"follow","max-snippet":"max-snippet:-1","max-image-preview":"max-image-preview:large","max-video-preview":"max-video-preview:-1"},"canonical":"https:\/\/vrising-france.com\/index.php\/guide-bijou-dore\/","og_locale":"fr_FR","og_type":"article","og_title":"Guide - Bijou dor\u00e9 - VRising France","og_description":"Les bijoux dor\u00e9s seront votre derni\u00e8re source de lingot. O\u00f9 trouvez des bijoux dor\u00e9s ? Vous le trouverez partout dans Vardoran mais plus particuli\u00e8rement \u00e0 la cath\u00e9drale de Brighthaven. Vous pouvez aussi trouver toutes ces informations sur la map interactive Conseille sur cette zone Contrairement aux minerais, les Bijoux seront r\u00e9cup\u00e9rables sur les adversaires de&hellip; Lire la suite","og_url":"https:\/\/vrising-france.com\/index.php\/guide-bijou-dore\/","og_site_name":"VRising France","article_modified_time":"2023-05-29T14:41:51+00:00","og_image":[{"url":"https:\/\/vrising-france.com\/wp-content\/uploads\/2022\/06\/gold_map-1024x1024.png","type":"","width":"","height":""}],"twitter_card":"summary_large_image","twitter_site":"@VRisingFrance","twitter_misc":{"Dur\u00e9e de lecture estim\u00e9e":"1 minute"},"schema":{"@context":"https:\/\/schema.org","@graph":[{"@type":"WebPage","@id":"https:\/\/vrising-france.com\/index.php\/guide-bijou-dore\/","url":"https:\/\/vrising-france.com\/index.php\/guide-bijou-dore\/","name":"Guide - Bijou dor\u00e9 - VRising France","isPartOf":{"@id":"https:\/\/vrising-france.com\/#website"},"primaryImageOfPage":{"@id":"https:\/\/vrising-france.com\/index.php\/guide-bijou-dore\/#primaryimage"},"image":{"@id":"https:\/\/vrising-france.com\/index.php\/guide-bijou-dore\/#primaryimage"},"thumbnailUrl":"https:\/\/vrising-france.com\/wp-content\/uploads\/2022\/06\/gold_map-1024x1024.png","datePublished":"2022-06-06T20:51:08+00:00","dateModified":"2023-05-29T14:41:51+00:00","breadcrumb":{"@id":"https:\/\/vrising-france.com\/index.php\/guide-bijou-dore\/#breadcrumb"},"inLanguage":"fr-FR","potentialAction":[{"@type":"ReadAction","target":["https:\/\/vrising-france.com\/index.php\/guide-bijou-dore\/"]}]},{"@type":"ImageObject","inLanguage":"fr-FR","@id":"https:\/\/vrising-france.com\/index.php\/guide-bijou-dore\/#primaryimage","url":"https:\/\/vrising-france.com\/wp-content\/uploads\/2022\/06\/gold_map.png","contentUrl":"https:\/\/vrising-france.com\/wp-content\/uploads\/2022\/06\/gold_map.png","width":1360,"height":1360},{"@type":"BreadcrumbList","@id":"https:\/\/vrising-france.com\/index.php\/guide-bijou-dore\/#breadcrumb","itemListElement":[{"@type":"ListItem","position":1,"name":"Accueil","item":"https:\/\/vrising-france.com\/"},{"@type":"ListItem","position":2,"name":"Guide &#8211; Bijou dor\u00e9"}]},{"@type":"WebSite","@id":"https:\/\/vrising-france.com\/#website","url":"https:\/\/vrising-france.com\/","name":"VRising France","description":"","publisher":{"@id":"https:\/\/vrising-france.com\/#organization"},"potentialAction":[{"@type":"SearchAction","target":{"@type":"EntryPoint","urlTemplate":"https:\/\/vrising-france.com\/?s={search_term_string}"},"query-input":{"@type":"PropertyValueSpecification","valueRequired":true,"valueName":"search_term_string"}}],"inLanguage":"fr-FR"},{"@type":"Organization","@id":"https:\/\/vrising-france.com\/#organization","name":"V Rising France","url":"https:\/\/vrising-france.com\/","logo":{"@type":"ImageObject","inLanguage":"fr-FR","@id":"https:\/\/vrising-france.com\/#\/schema\/logo\/image\/","url":"https:\/\/vrising-france.com\/wp-content\/uploads\/2022\/05\/V_Rising_Main_Logo_1-1.png","contentUrl":"https:\/\/vrising-france.com\/wp-content\/uploads\/2022\/05\/V_Rising_Main_Logo_1-1.png","width":2250,"height":812,"caption":"V Rising France"},"image":{"@id":"https:\/\/vrising-france.com\/#\/schema\/logo\/image\/"},"sameAs":["https:\/\/x.com\/VRisingFrance"]}]}},"jetpack-related-posts":[],"jetpack_sharing_enabled":true,"_links":{"self":[{"href":"https:\/\/vrising-france.com\/index.php\/wp-json\/wp\/v2\/pages\/241","targetHints":{"allow":["GET"]}}],"collection":[{"href":"https:\/\/vrising-france.com\/index.php\/wp-json\/wp\/v2\/pages"}],"about":[{"href":"https:\/\/vrising-france.com\/index.php\/wp-json\/wp\/v2\/types\/page"}],"author":[{"embeddable":true,"href":"https:\/\/vrising-france.com\/index.php\/wp-json\/wp\/v2\/users\/1"}],"replies":[{"embeddable":true,"href":"https:\/\/vrising-france.com\/index.php\/wp-json\/wp\/v2\/comments?post=241"}],"version-history":[{"count":4,"href":"https:\/\/vrising-france.com\/index.php\/wp-json\/wp\/v2\/pages\/241\/revisions"}],"predecessor-version":[{"id":330,"href":"https:\/\/vrising-france.com\/index.php\/wp-json\/wp\/v2\/pages\/241\/revisions\/330"}],"wp:attachment":[{"href":"https:\/\/vrising-france.com\/index.php\/wp-json\/wp\/v2\/media?parent=241"}],"curies":[{"name":"wp","href":"https:\/\/api.w.org\/{rel}","templated":true}]}}