{"id":43,"date":"2022-05-20T18:33:13","date_gmt":"2022-05-20T16:33:13","guid":{"rendered":"https:\/\/vrising-france.com\/index.php\/mesmerize\/"},"modified":"2025-05-20T01:17:05","modified_gmt":"2025-05-19T23:17:05","slug":"home","status":"publish","type":"page","link":"https:\/\/vrising-france.com\/","title":{"rendered":"Accueil"},"content":{"rendered":"<div  id=\"objectifs\" style=\"background-color: #ffffff;\" data-label=\"Objectifs\" data-id=\"overlappable-4\" data-export-id=\"overlappable-4\" data-category=\"overlappable\" class=\"overlappable-4 content-section content-section-spacing\" data-overlap=\"true\"><div  class=\"gridContainer\"> <div  data-type=\"row\" class=\"row spaced-cols text-center\"><div  class=\"col-xs-12 col-sm-4 col-padding\"> <i  class=\"fa icon shadow-large-black aligncenter color1 fa-comment reverse round large\"><\/i> <div  data-type=\"column\" class=\"\"> <h5  class=\"\">Une communaut\u00e9<\/h5> <p  class=\"\" data-mci-spellchecked=\"true\" style=\"word-break: break-word; position: relative; z-index: 0;\">Notre principal objectif est de r\u00e9unir la communaut\u00e9 FR du jeu sur un m\u00eame espace comprenant ainsi Discord le Site Web et tous les outils que nous allons d\u00e9velopper<\/p><\/div> <\/div> <div  class=\"col-xs-12 col-sm-4 col-padding\"> <i  class=\"fa icon shadow-large-black aligncenter color1 fa-bullhorn reverse round large\"><\/i> <div  data-type=\"column\" class=\"\"><h5  class=\"\">News &amp; Guide<\/h5> <p  class=\"\" data-mci-spellchecked=\"true\" style=\"word-break: break-word; position: relative; z-index: 0;\">Toute l\u2019actualit\u00e9 de V Rising en fran\u00e7ais mais \u00e9galement tout un tas de Guide pour aider les nouveaux joueurs sans se perdre !<\/p><\/div> <\/div> <div  class=\"col-xs-12 col-sm-4 col-padding\"> <i  class=\"fa icon shadow-large-black aligncenter color1 fa-cogs reverse round large\"><\/i> <div  data-type=\"column\" class=\"\"><h5  class=\"\">Des outils inovants<\/h5> <p  class=\"\" data-mci-spellchecked=\"true\" style=\"word-break: break-word; position: relative; z-index: 0;\">Gr\u00e2ce \u00e0 notre \u00e9quipe de d\u00e9veloppement des outils seront mis en place en fran\u00e7ais pour vous permettre d\u2019am\u00e9liorer votre qualit\u00e9 de jeu<\/p><\/div> <\/div><\/div> <\/div><\/div><div  id=\"latest-news-1\" style=\"background-color: #f5fafd;\" data-label=\"Latest-news\" data-id=\"blog-section\" data-export-id=\"blog-section\" data-category=\"latest_news\" class=\"blog-section blog-section-standard content-section content-section-spacing\"><div  class=\"gridContainer\"> <div  class=\"row\"><div  data-type=\"column\" class=\"section-title-col\"> <h2  class=\"\">Derni\u00e8res news<\/h2> <p  class=\"lead\">Retrouvez l\u2019actualit\u00e9 V Rising en fran\u00e7ais !<\/p><\/div> <\/div> <div  class=\"row\"> <div  data-type=\"row\" data-dynamic-columns=\"handled\" data-content-shortcode=\"mesmerize_latest_news\">\t\t<div class=\"row center-sm content-left-sm\">\n\t\t\t\t\t<div id=\"post-383\" class=\"col-sm-6 col-md-4 space-bottom space-bottom-xs\">\n\t\t\t\t<div class=\"post-content card y-move bordered\">\n\t\t\t\t\t<div class=\"post-thumbnail\">\n   <a href=\"https:\/\/vrising-france.com\/index.php\/2025\/04\/19\/decouvrez-le-eternal-dominance-pack-des-le-28-avril-2025\/\" class=\"post-list-item-thumb \">\n      <img loading=\"lazy\" decoding=\"async\" width=\"1024\" height=\"576\" src=\"https:\/\/vrising-france.com\/wp-content\/uploads\/2025\/04\/Eternal-Dominance-Pack_Main-Capsule_3840x2160_SMALL-1536x864-1-1024x576.jpg\" class=\"attachment-post-thumbnail size-post-thumbnail wp-post-image\" alt=\"\" srcset=\"https:\/\/vrising-france.com\/wp-content\/uploads\/2025\/04\/Eternal-Dominance-Pack_Main-Capsule_3840x2160_SMALL-1536x864-1-1024x576.jpg 1024w, https:\/\/vrising-france.com\/wp-content\/uploads\/2025\/04\/Eternal-Dominance-Pack_Main-Capsule_3840x2160_SMALL-1536x864-1-300x169.jpg 300w, https:\/\/vrising-france.com\/wp-content\/uploads\/2025\/04\/Eternal-Dominance-Pack_Main-Capsule_3840x2160_SMALL-1536x864-1-768x432.jpg 768w, https:\/\/vrising-france.com\/wp-content\/uploads\/2025\/04\/Eternal-Dominance-Pack_Main-Capsule_3840x2160_SMALL-1536x864-1.jpg 1536w\" sizes=\"auto, (max-width: 1024px) 100vw, 1024px\" \/>   <\/a>\n<\/div>\n\t\t\t\t\t<div class=\"col-padding col-padding-xs\">\n\t\t\t\t\t\t<h3 class=\"post-title space-bottom-small\">\n\t\t\t\t\t\t\t<a href=\"https:\/\/vrising-france.com\/index.php\/2025\/04\/19\/decouvrez-le-eternal-dominance-pack-des-le-28-avril-2025\/\" rel=\"bookmark\">\n\t\t\t\t\t\t\t\tD\u00e9couvrez le Eternal Dominance Pack d\u00e8s le 28 avril 2025 !\t\t\t\t\t\t\t<\/a>\n\t\t\t\t\t\t<\/h3>\n\t\t\t\t\t\t<p>D\u00e9couvrez l\u2019Eternal Dominance Pack pour V Rising, disponible d\u00e8s le 28 avril 2025 sur Steam et PlayStation 5 ! Un DLC cosm\u00e9tique luxueux pour personnaliser votre ch\u00e2teau et vos \u00e9quipements avec 12 variantes de couleurs.<\/p>\n\t\t\t\t\t\t<a class=\"read-more link\" href=\"https:\/\/vrising-france.com\/index.php\/2025\/04\/19\/decouvrez-le-eternal-dominance-pack-des-le-28-avril-2025\/\">\n\t\t\t\t\t\t\tRead more\t\t\t\t\t\t<\/a>\n\t\t\t\t\t<\/div>\n\t\t\t\t<\/div>\n\t\t\t<\/div>\n\t\t\t\t\t\t<div id=\"post-375\" class=\"col-sm-6 col-md-4 space-bottom space-bottom-xs\">\n\t\t\t\t<div class=\"post-content card y-move bordered\">\n\t\t\t\t\t<div class=\"post-thumbnail\">\n   <a href=\"https:\/\/vrising-france.com\/index.php\/2025\/04\/16\/vrising-dlc-oakveil\/\" class=\"post-list-item-thumb \">\n      <img loading=\"lazy\" decoding=\"async\" width=\"1024\" height=\"576\" src=\"https:\/\/vrising-france.com\/wp-content\/uploads\/2025\/04\/vrising_ioo-1024x576.jpg\" class=\"attachment-post-thumbnail size-post-thumbnail wp-post-image\" alt=\"\" srcset=\"https:\/\/vrising-france.com\/wp-content\/uploads\/2025\/04\/vrising_ioo-1024x576.jpg 1024w, https:\/\/vrising-france.com\/wp-content\/uploads\/2025\/04\/vrising_ioo-300x169.jpg 300w, https:\/\/vrising-france.com\/wp-content\/uploads\/2025\/04\/vrising_ioo-768x432.jpg 768w, https:\/\/vrising-france.com\/wp-content\/uploads\/2025\/04\/vrising_ioo-1536x864.jpg 1536w, https:\/\/vrising-france.com\/wp-content\/uploads\/2025\/04\/vrising_ioo.jpg 1920w\" sizes=\"auto, (max-width: 1024px) 100vw, 1024px\" \/>   <\/a>\n<\/div>\n\t\t\t\t\t<div class=\"col-padding col-padding-xs\">\n\t\t\t\t\t\t<h3 class=\"post-title space-bottom-small\">\n\t\t\t\t\t\t\t<a href=\"https:\/\/vrising-france.com\/index.php\/2025\/04\/16\/vrising-dlc-oakveil\/\" rel=\"bookmark\">\n\t\t\t\t\t\t\t\t\ud83e\udddb\u200d\u2642\ufe0f V Rising 1.1 : Extension gratuite Oakveil \u2013 Toutes les infos\t\t\t\t\t\t\t<\/a>\n\t\t\t\t\t\t<\/h3>\n\t\t\t\t\t\t<p>Stunlock Studios frappe fort avec Invaders of Oakveil, la mise \u00e0 jour 1.1 gratuite de V Rising pr\u00e9vue pour le 28 avril 2025.<\/p>\n\t\t\t\t\t\t<a class=\"read-more link\" href=\"https:\/\/vrising-france.com\/index.php\/2025\/04\/16\/vrising-dlc-oakveil\/\">\n\t\t\t\t\t\t\tRead more\t\t\t\t\t\t<\/a>\n\t\t\t\t\t<\/div>\n\t\t\t\t<\/div>\n\t\t\t<\/div>\n\t\t\t\t\t\t<div id=\"post-300\" class=\"col-sm-6 col-md-4 space-bottom space-bottom-xs\">\n\t\t\t\t<div class=\"post-content card y-move bordered\">\n\t\t\t\t\t<div class=\"post-thumbnail\">\n   <a href=\"https:\/\/vrising-france.com\/index.php\/2023\/05\/10\/les-secrets-de-gloomrot-extension-vrising\/\" class=\"post-list-item-thumb \">\n      <img loading=\"lazy\" decoding=\"async\" width=\"1024\" height=\"576\" src=\"https:\/\/vrising-france.com\/wp-content\/uploads\/2023\/05\/Secrets_Of_Gloomrot_Artwork_Logo_VRising-1024x576.png\" class=\"attachment-post-thumbnail size-post-thumbnail wp-post-image\" alt=\"\" srcset=\"https:\/\/vrising-france.com\/wp-content\/uploads\/2023\/05\/Secrets_Of_Gloomrot_Artwork_Logo_VRising-1024x576.png 1024w, https:\/\/vrising-france.com\/wp-content\/uploads\/2023\/05\/Secrets_Of_Gloomrot_Artwork_Logo_VRising-300x169.png 300w, https:\/\/vrising-france.com\/wp-content\/uploads\/2023\/05\/Secrets_Of_Gloomrot_Artwork_Logo_VRising-768x432.png 768w, https:\/\/vrising-france.com\/wp-content\/uploads\/2023\/05\/Secrets_Of_Gloomrot_Artwork_Logo_VRising-1536x864.png 1536w, https:\/\/vrising-france.com\/wp-content\/uploads\/2023\/05\/Secrets_Of_Gloomrot_Artwork_Logo_VRising-2048x1152.png 2048w, https:\/\/vrising-france.com\/wp-content\/uploads\/2023\/05\/Secrets_Of_Gloomrot_Artwork_Logo_VRising-1920x1080.png 1920w\" sizes=\"auto, (max-width: 1024px) 100vw, 1024px\" \/>   <\/a>\n<\/div>\n\t\t\t\t\t<div class=\"col-padding col-padding-xs\">\n\t\t\t\t\t\t<h3 class=\"post-title space-bottom-small\">\n\t\t\t\t\t\t\t<a href=\"https:\/\/vrising-france.com\/index.php\/2023\/05\/10\/les-secrets-de-gloomrot-extension-vrising\/\" rel=\"bookmark\">\n\t\t\t\t\t\t\t\tLes secrets de Gloomrot &#8211; Extension VRising\t\t\t\t\t\t\t<\/a>\n\t\t\t\t\t\t<\/h3>\n\t\t\t\t\t\t<p>Apr\u00e8s un an d&rsquo;attente l&rsquo;\u00e9quipe de Stunlock studio reviens comme promis avec une mise \u00e0 jour majeur !<\/p>\n\t\t\t\t\t\t<a class=\"read-more link\" href=\"https:\/\/vrising-france.com\/index.php\/2023\/05\/10\/les-secrets-de-gloomrot-extension-vrising\/\">\n\t\t\t\t\t\t\tRead more\t\t\t\t\t\t<\/a>\n\t\t\t\t\t<\/div>\n\t\t\t\t<\/div>\n\t\t\t<\/div>\n\t\t\t\t<\/div>\n\t<\/div><\/div> <div  class=\"row\"><div  class=\"text-center\"> <a  class=\"button color1\" data-attr-shortcode=\"href:mesmerize_blog_link\" href=\"https:\/\/vrising-france.com\/index.php\/blog\/\">Voir toutes l\u2019actualit\u00e9<\/a><\/div> <\/div><\/div><\/div><div  id=\"art\" style=\"background-color: rgb(245, 250, 253); background-image: none;\" data-label=\"Art\" data-id=\"portfolio-4\" data-export-id=\"portfolio-4\" data-category=\"portfolio\" class=\"portfolio-4 content-section content-section-spacing-top\"><div  class=\"\"> <div  class=\"row text-center\"><div  class=\"section-title-col\" data-type=\"column\"> <h2  class=\"\">Artwork<\/h2> <p  class=\"lead\">Quelques Artwork mis \u00e0 disposition par Stunlock Studios<\/p><\/div> <\/div> <div  data-type=\"row\" class=\"row\" data-fixed=\"true\"> <div  class=\"col-xs-12 col-sm-3 no-gutter-col\"> <div  class=\"contentswap-effect\" data-hover-fx=\"portfolio-4\"> <div  class=\"initial-image\"> <img  decoding=\"async\" data-size=\"542x360\" src=\"https:\/\/vrising-france.com\/wp-content\/uploads\/2022\/05\/cropped-7_V_Rising_Servants.jpg\" class=\"jetpack-lazy-image jetpack-lazy-image--handled\" data-lazy-loaded=\"1\" loading=\"eager\"><\/div> <div  class=\"overlay bg-color1\"><\/div> <div  class=\"swap-inner col-xs-12\"> <div  class=\"row full-height-row middle-xs middle-sm\"> <div  class=\"col-xs-12 text-center content-holder\"> <a  href=\"#\" target=\"_self\" rel=\"noopener\"><i  class=\"fa icon portfolio-icon fa-search big\" aria-hidden=\"true\"><\/i><\/a><\/div> <\/div><\/div> <\/div><\/div> <div  class=\"col-xs-12 col-sm-3 no-gutter-col\"><div  class=\"contentswap-effect\" data-hover-fx=\"portfolio-4\"> <div  class=\"initial-image\"> <img  decoding=\"async\" data-size=\"542x360\" src=\"https:\/\/vrising-france.com\/wp-content\/uploads\/2022\/05\/cropped-1_V_Rising_Rise_From_Your_Grave.png\" class=\"jetpack-lazy-image jetpack-lazy-image--handled\" data-lazy-loaded=\"1\" loading=\"eager\"><\/div> <div  class=\"overlay bg-color1\"><\/div> <div  class=\"swap-inner col-xs-12\"> <div  class=\"row full-height-row middle-xs middle-sm\"> <div  class=\"col-xs-12 text-center content-holder\"> <a  href=\"#\" target=\"_self\" rel=\"noopener\"><i  class=\"fa icon portfolio-icon fa-search big\" aria-hidden=\"true\"><\/i><\/a><\/div> <\/div><\/div> <\/div><\/div> <div  class=\"col-xs-12 col-sm-3 no-gutter-col\"><div  class=\"contentswap-effect\" data-hover-fx=\"portfolio-4\"> <div  class=\"initial-image\"> <img  decoding=\"async\" data-size=\"542x360\" src=\"https:\/\/vrising-france.com\/wp-content\/uploads\/2022\/05\/cropped-7_V_Rising_Servants-1.jpg\" class=\"jetpack-lazy-image jetpack-lazy-image--handled\" data-lazy-loaded=\"1\" loading=\"eager\"><\/div> <div  class=\"overlay bg-color1\"><\/div> <div  class=\"swap-inner col-xs-12\"> <div  class=\"row full-height-row middle-xs middle-sm\"> <div  class=\"col-xs-12 text-center content-holder\"> <a  href=\"#\" target=\"_self\" rel=\"noopener\"><i  class=\"fa icon portfolio-icon fa-search big\" aria-hidden=\"true\"><\/i><\/a><\/div> <\/div><\/div> <\/div><\/div> <div  class=\"col-xs-12 col-sm-3 no-gutter-col\"><div  class=\"contentswap-effect\" data-hover-fx=\"portfolio-4\"> <div  class=\"initial-image\"> <img  decoding=\"async\" data-size=\"542x360\" src=\"https:\/\/vrising-france.com\/wp-content\/uploads\/2022\/05\/cropped-2_V_Rising_Fear_The_Light_.jpg\" class=\"jetpack-lazy-image jetpack-lazy-image--handled\" data-lazy-loaded=\"1\" loading=\"eager\"><\/div> <div  class=\"overlay bg-color1\"><\/div> <div  class=\"swap-inner col-xs-12\"> <div  class=\"row full-height-row middle-xs middle-sm\"> <div  class=\"col-xs-12 text-center content-holder\"> <a  href=\"#\" target=\"_self\" rel=\"noopener\"><i  class=\"fa icon portfolio-icon fa-search big\" aria-hidden=\"true\"><\/i><\/a><\/div> <\/div><\/div> <\/div><\/div> <div  class=\"col-xs-12 col-sm-3 no-gutter-col\"><div  class=\"contentswap-effect\" data-hover-fx=\"portfolio-4\"> <div  class=\"initial-image\"> <img  decoding=\"async\" data-size=\"542x360\" src=\"https:\/\/vrising-france.com\/wp-content\/uploads\/2022\/05\/cropped-3_V_Rising_Hunt_At_Night_-1.jpg\" class=\"jetpack-lazy-image jetpack-lazy-image--handled\" data-lazy-loaded=\"1\" loading=\"eager\"><\/div> <div  class=\"overlay bg-color1\"><\/div> <div  class=\"swap-inner col-xs-12\"> <div  class=\"row full-height-row middle-xs middle-sm\"> <div  class=\"col-xs-12 text-center content-holder\"> <a  href=\"#\" target=\"_self\" rel=\"noopener\"><i  class=\"fa icon portfolio-icon fa-search big\" aria-hidden=\"true\"><\/i><\/a><\/div> <\/div><\/div> <\/div><\/div> <div  class=\"col-xs-12 col-sm-3 no-gutter-col\"><div  class=\"contentswap-effect\" data-hover-fx=\"portfolio-4\"> <div  class=\"initial-image\"> <img  decoding=\"async\" data-size=\"542x360\" src=\"https:\/\/vrising-france.com\/wp-content\/uploads\/2022\/05\/cropped-5_V_Rising_Explore.png\" class=\"jetpack-lazy-image jetpack-lazy-image--handled\" data-lazy-loaded=\"1\" loading=\"eager\"><\/div> <div  class=\"overlay bg-color1\"><\/div> <div  class=\"swap-inner col-xs-12\"> <div  class=\"row full-height-row middle-xs middle-sm\"> <div  class=\"col-xs-12 text-center content-holder\"> <a  href=\"#\" target=\"_self\" rel=\"noopener\"><i  class=\"fa icon portfolio-icon fa-search big\" aria-hidden=\"true\"><\/i><\/a><\/div> <\/div><\/div> <\/div><\/div> <div  class=\"col-xs-12 col-sm-3 no-gutter-col\"><div  class=\"contentswap-effect\" data-hover-fx=\"portfolio-4\"> <div  class=\"initial-image\"> <img  decoding=\"async\" data-size=\"542x360\" src=\"https:\/\/vrising-france.com\/wp-content\/uploads\/2022\/05\/cropped-V_Rising_Castle_Teaser_Screenshot_1.png\" class=\"jetpack-lazy-image jetpack-lazy-image--handled\" data-lazy-loaded=\"1\" loading=\"eager\"><\/div> <div  class=\"overlay bg-color1\"><\/div> <div  class=\"swap-inner col-xs-12\"> <div  class=\"row full-height-row middle-xs middle-sm\"> <div  class=\"col-xs-12 text-center content-holder\"> <a  href=\"#\" target=\"_self\" rel=\"noopener\"><i  class=\"fa icon portfolio-icon fa-search big\" aria-hidden=\"true\"><\/i><\/a><\/div> <\/div><\/div> <\/div><\/div> <div  class=\"col-xs-12 col-sm-3 no-gutter-col\"><div  class=\"contentswap-effect\" data-hover-fx=\"portfolio-4\"> <div  class=\"initial-image\"> <img  decoding=\"async\" data-size=\"542x360\" src=\"https:\/\/vrising-france.com\/wp-content\/uploads\/2022\/05\/cropped-6_V_Rising_Build_Your_Castle.png\" class=\"jetpack-lazy-image jetpack-lazy-image--handled\" data-lazy-loaded=\"1\" loading=\"eager\"><\/div> <div  class=\"overlay bg-color1\"><\/div> <div  class=\"swap-inner col-xs-12\"> <div  class=\"row full-height-row middle-xs middle-sm\"> <div  class=\"col-xs-12 text-center content-holder\"> <a  href=\"#\" target=\"_self\" rel=\"noopener\"><i  class=\"fa icon portfolio-icon fa-search big\" aria-hidden=\"true\"><\/i><\/a><\/div> <\/div><\/div> <\/div><\/div> <\/div><\/div> <\/div>","protected":false},"excerpt":{"rendered":"<p>Une communaut\u00e9 Notre principal objectif est de r\u00e9unir la communaut\u00e9 FR du jeu sur un m\u00eame espace comprenant ainsi Discord le Site Web et tous les outils que nous allons d\u00e9velopper News &amp; Guide Toute l\u2019actualit\u00e9 de V Rising en fran\u00e7ais mais \u00e9galement tout un tas de Guide pour aider les nouveaux joueurs sans se&hellip; <br \/> <a class=\"read-more\" href=\"https:\/\/vrising-france.com\/index.php\/2023\/05\/10\/les-secrets-de-gloomrot-extension-vrising\/\">Lire la suite<\/a><\/p>\n","protected":false},"author":1,"featured_media":0,"parent":0,"menu_order":0,"comment_status":"closed","ping_status":"closed","template":"page-templates\/homepage.php","meta":{"footnotes":""},"class_list":["post-43","page","type-page","status-publish","hentry"],"yoast_head":"<!-- This site is optimized with the Yoast SEO plugin v27.4 - https:\/\/yoast.com\/product\/yoast-seo-wordpress\/ -->\n<title>Accueil - VRising France<\/title>\n<meta name=\"description\" content=\"La premi\u00e8re communaut\u00e9 en France sur VRising. Toutes l&#039;actualit\u00e9 guide et annonces officiel disponibles en fran\u00e7ais.\" \/>\n<meta name=\"robots\" content=\"index, follow, max-snippet:-1, max-image-preview:large, max-video-preview:-1\" \/>\n<link rel=\"canonical\" href=\"https:\/\/vrising-france.com\/\" \/>\n<meta property=\"og:locale\" content=\"fr_FR\" \/>\n<meta property=\"og:type\" content=\"article\" \/>\n<meta property=\"og:title\" content=\"Accueil - VRising France\" \/>\n<meta property=\"og:description\" content=\"La premi\u00e8re communaut\u00e9 en France sur VRising. Toutes l&#039;actualit\u00e9 guide et annonces officiel disponibles en fran\u00e7ais.\" \/>\n<meta property=\"og:url\" content=\"https:\/\/vrising-france.com\/\" \/>\n<meta property=\"og:site_name\" content=\"VRising France\" \/>\n<meta property=\"article:modified_time\" content=\"2025-05-19T23:17:05+00:00\" \/>\n<meta property=\"og:image\" content=\"https:\/\/vrising-france.com\/wp-content\/uploads\/2022\/05\/cropped-7_V_Rising_Servants.jpg\" \/>\n<meta name=\"twitter:card\" content=\"summary_large_image\" \/>\n<meta name=\"twitter:site\" content=\"@VRisingFrance\" \/>\n<meta name=\"twitter:label1\" content=\"Dur\u00e9e de lecture estim\u00e9e\" \/>\n\t<meta name=\"twitter:data1\" content=\"3 minutes\" \/>\n<script type=\"application\/ld+json\" class=\"yoast-schema-graph\">{\"@context\":\"https:\\\/\\\/schema.org\",\"@graph\":[{\"@type\":\"WebPage\",\"@id\":\"https:\\\/\\\/vrising-france.com\\\/\",\"url\":\"https:\\\/\\\/vrising-france.com\\\/\",\"name\":\"Accueil - VRising France\",\"isPartOf\":{\"@id\":\"https:\\\/\\\/vrising-france.com\\\/#website\"},\"primaryImageOfPage\":{\"@id\":\"https:\\\/\\\/vrising-france.com\\\/#primaryimage\"},\"image\":{\"@id\":\"https:\\\/\\\/vrising-france.com\\\/#primaryimage\"},\"thumbnailUrl\":\"https:\\\/\\\/vrising-france.com\\\/wp-content\\\/uploads\\\/2022\\\/05\\\/cropped-7_V_Rising_Servants.jpg\",\"datePublished\":\"2022-05-20T16:33:13+00:00\",\"dateModified\":\"2025-05-19T23:17:05+00:00\",\"description\":\"La premi\u00e8re communaut\u00e9 en France sur VRising. Toutes l'actualit\u00e9 guide et annonces officiel disponibles en fran\u00e7ais.\",\"breadcrumb\":{\"@id\":\"https:\\\/\\\/vrising-france.com\\\/#breadcrumb\"},\"inLanguage\":\"fr-FR\",\"potentialAction\":[{\"@type\":\"ReadAction\",\"target\":[\"https:\\\/\\\/vrising-france.com\\\/\"]}]},{\"@type\":\"ImageObject\",\"inLanguage\":\"fr-FR\",\"@id\":\"https:\\\/\\\/vrising-france.com\\\/#primaryimage\",\"url\":\"https:\\\/\\\/vrising-france.com\\\/wp-content\\\/uploads\\\/2022\\\/05\\\/cropped-7_V_Rising_Servants.jpg\",\"contentUrl\":\"https:\\\/\\\/vrising-france.com\\\/wp-content\\\/uploads\\\/2022\\\/05\\\/cropped-7_V_Rising_Servants.jpg\",\"width\":542,\"height\":360},{\"@type\":\"BreadcrumbList\",\"@id\":\"https:\\\/\\\/vrising-france.com\\\/#breadcrumb\",\"itemListElement\":[{\"@type\":\"ListItem\",\"position\":1,\"name\":\"Accueil\",\"item\":\"https:\\\/\\\/vrising-france.com\\\/\"},{\"@type\":\"ListItem\",\"position\":2,\"name\":\"Accueil\"}]},{\"@type\":\"WebSite\",\"@id\":\"https:\\\/\\\/vrising-france.com\\\/#website\",\"url\":\"https:\\\/\\\/vrising-france.com\\\/\",\"name\":\"VRising France\",\"description\":\"\",\"publisher\":{\"@id\":\"https:\\\/\\\/vrising-france.com\\\/#organization\"},\"potentialAction\":[{\"@type\":\"SearchAction\",\"target\":{\"@type\":\"EntryPoint\",\"urlTemplate\":\"https:\\\/\\\/vrising-france.com\\\/?s={search_term_string}\"},\"query-input\":{\"@type\":\"PropertyValueSpecification\",\"valueRequired\":true,\"valueName\":\"search_term_string\"}}],\"inLanguage\":\"fr-FR\"},{\"@type\":\"Organization\",\"@id\":\"https:\\\/\\\/vrising-france.com\\\/#organization\",\"name\":\"V Rising France\",\"url\":\"https:\\\/\\\/vrising-france.com\\\/\",\"logo\":{\"@type\":\"ImageObject\",\"inLanguage\":\"fr-FR\",\"@id\":\"https:\\\/\\\/vrising-france.com\\\/#\\\/schema\\\/logo\\\/image\\\/\",\"url\":\"https:\\\/\\\/vrising-france.com\\\/wp-content\\\/uploads\\\/2022\\\/05\\\/V_Rising_Main_Logo_1-1.png\",\"contentUrl\":\"https:\\\/\\\/vrising-france.com\\\/wp-content\\\/uploads\\\/2022\\\/05\\\/V_Rising_Main_Logo_1-1.png\",\"width\":2250,\"height\":812,\"caption\":\"V Rising France\"},\"image\":{\"@id\":\"https:\\\/\\\/vrising-france.com\\\/#\\\/schema\\\/logo\\\/image\\\/\"},\"sameAs\":[\"https:\\\/\\\/x.com\\\/VRisingFrance\"]}]}<\/script>\n<!-- \/ Yoast SEO plugin. -->","yoast_head_json":{"title":"Accueil - VRising France","description":"La premi\u00e8re communaut\u00e9 en France sur VRising. Toutes l'actualit\u00e9 guide et annonces officiel disponibles en fran\u00e7ais.","robots":{"index":"index","follow":"follow","max-snippet":"max-snippet:-1","max-image-preview":"max-image-preview:large","max-video-preview":"max-video-preview:-1"},"canonical":"https:\/\/vrising-france.com\/","og_locale":"fr_FR","og_type":"article","og_title":"Accueil - VRising France","og_description":"La premi\u00e8re communaut\u00e9 en France sur VRising. Toutes l'actualit\u00e9 guide et annonces officiel disponibles en fran\u00e7ais.","og_url":"https:\/\/vrising-france.com\/","og_site_name":"VRising France","article_modified_time":"2025-05-19T23:17:05+00:00","og_image":[{"url":"https:\/\/vrising-france.com\/wp-content\/uploads\/2022\/05\/cropped-7_V_Rising_Servants.jpg","type":"","width":"","height":""}],"twitter_card":"summary_large_image","twitter_site":"@VRisingFrance","twitter_misc":{"Dur\u00e9e de lecture estim\u00e9e":"3 minutes"},"schema":{"@context":"https:\/\/schema.org","@graph":[{"@type":"WebPage","@id":"https:\/\/vrising-france.com\/","url":"https:\/\/vrising-france.com\/","name":"Accueil - VRising France","isPartOf":{"@id":"https:\/\/vrising-france.com\/#website"},"primaryImageOfPage":{"@id":"https:\/\/vrising-france.com\/#primaryimage"},"image":{"@id":"https:\/\/vrising-france.com\/#primaryimage"},"thumbnailUrl":"https:\/\/vrising-france.com\/wp-content\/uploads\/2022\/05\/cropped-7_V_Rising_Servants.jpg","datePublished":"2022-05-20T16:33:13+00:00","dateModified":"2025-05-19T23:17:05+00:00","description":"La premi\u00e8re communaut\u00e9 en France sur VRising. Toutes l'actualit\u00e9 guide et annonces officiel disponibles en fran\u00e7ais.","breadcrumb":{"@id":"https:\/\/vrising-france.com\/#breadcrumb"},"inLanguage":"fr-FR","potentialAction":[{"@type":"ReadAction","target":["https:\/\/vrising-france.com\/"]}]},{"@type":"ImageObject","inLanguage":"fr-FR","@id":"https:\/\/vrising-france.com\/#primaryimage","url":"https:\/\/vrising-france.com\/wp-content\/uploads\/2022\/05\/cropped-7_V_Rising_Servants.jpg","contentUrl":"https:\/\/vrising-france.com\/wp-content\/uploads\/2022\/05\/cropped-7_V_Rising_Servants.jpg","width":542,"height":360},{"@type":"BreadcrumbList","@id":"https:\/\/vrising-france.com\/#breadcrumb","itemListElement":[{"@type":"ListItem","position":1,"name":"Accueil","item":"https:\/\/vrising-france.com\/"},{"@type":"ListItem","position":2,"name":"Accueil"}]},{"@type":"WebSite","@id":"https:\/\/vrising-france.com\/#website","url":"https:\/\/vrising-france.com\/","name":"VRising France","description":"","publisher":{"@id":"https:\/\/vrising-france.com\/#organization"},"potentialAction":[{"@type":"SearchAction","target":{"@type":"EntryPoint","urlTemplate":"https:\/\/vrising-france.com\/?s={search_term_string}"},"query-input":{"@type":"PropertyValueSpecification","valueRequired":true,"valueName":"search_term_string"}}],"inLanguage":"fr-FR"},{"@type":"Organization","@id":"https:\/\/vrising-france.com\/#organization","name":"V Rising France","url":"https:\/\/vrising-france.com\/","logo":{"@type":"ImageObject","inLanguage":"fr-FR","@id":"https:\/\/vrising-france.com\/#\/schema\/logo\/image\/","url":"https:\/\/vrising-france.com\/wp-content\/uploads\/2022\/05\/V_Rising_Main_Logo_1-1.png","contentUrl":"https:\/\/vrising-france.com\/wp-content\/uploads\/2022\/05\/V_Rising_Main_Logo_1-1.png","width":2250,"height":812,"caption":"V Rising France"},"image":{"@id":"https:\/\/vrising-france.com\/#\/schema\/logo\/image\/"},"sameAs":["https:\/\/x.com\/VRisingFrance"]}]}},"jetpack-related-posts":[],"jetpack_sharing_enabled":true,"_links":{"self":[{"href":"https:\/\/vrising-france.com\/index.php\/wp-json\/wp\/v2\/pages\/43","targetHints":{"allow":["GET"]}}],"collection":[{"href":"https:\/\/vrising-france.com\/index.php\/wp-json\/wp\/v2\/pages"}],"about":[{"href":"https:\/\/vrising-france.com\/index.php\/wp-json\/wp\/v2\/types\/page"}],"author":[{"embeddable":true,"href":"https:\/\/vrising-france.com\/index.php\/wp-json\/wp\/v2\/users\/1"}],"replies":[{"embeddable":true,"href":"https:\/\/vrising-france.com\/index.php\/wp-json\/wp\/v2\/comments?post=43"}],"version-history":[{"count":8,"href":"https:\/\/vrising-france.com\/index.php\/wp-json\/wp\/v2\/pages\/43\/revisions"}],"predecessor-version":[{"id":341,"href":"https:\/\/vrising-france.com\/index.php\/wp-json\/wp\/v2\/pages\/43\/revisions\/341"}],"wp:attachment":[{"href":"https:\/\/vrising-france.com\/index.php\/wp-json\/wp\/v2\/media?parent=43"}],"curies":[{"name":"wp","href":"https:\/\/api.w.org\/{rel}","templated":true}]}}